{"id":313,"date":"2022-12-18T12:57:05","date_gmt":"2022-12-18T12:57:05","guid":{"rendered":"https:\/\/oznakgroup.com.tr\/?page_id=313"},"modified":"2022-12-26T17:32:56","modified_gmt":"2022-12-26T17:32:56","slug":"turkmenistan-nakliye","status":"publish","type":"page","link":"https:\/\/oznakgroup.com.tr\/index.php\/turkmenistan-nakliye\/","title":{"rendered":"T\u00fcrkmenistan Nakliye"},"content":{"rendered":"\t\t<div data-elementor-type=\"wp-page\" data-elementor-id=\"313\" class=\"elementor elementor-313\">\n\t\t\t\t\t\t\t\t\t<section class=\"elementor-section elementor-top-section elementor-element elementor-element-3e32eeb elementor-section-boxed elementor-section-height-default elementor-section-height-default tf-sticky-section tf-sticky-no\" data-id=\"3e32eeb\" data-element_type=\"section\" data-settings=\"{&quot;tf_sticky&quot;:&quot;no&quot;}\">\n\t\t\t\t\t\t<div class=\"elementor-container elementor-column-gap-default\">\n\t\t\t\t\t<div class=\"elementor-column elementor-col-100 elementor-top-column elementor-element elementor-element-f3068a8\" data-id=\"f3068a8\" data-element_type=\"column\">\n\t\t\t<div class=\"elementor-widget-wrap elementor-element-populated\">\n\t\t\t\t\t\t\t\t<div class=\"elementor-element elementor-element-cd3f849 elementor-widget elementor-widget-text-editor\" data-id=\"cd3f849\" data-element_type=\"widget\" data-widget_type=\"text-editor.default\">\n\t\t\t\t<div class=\"elementor-widget-container\">\n\t\t\t<style>\/*! elementor - v3.13.3 - 22-05-2023 *\/\n.elementor-widget-text-editor.elementor-drop-cap-view-stacked .elementor-drop-cap{background-color:#69727d;color:#fff}.elementor-widget-text-editor.elementor-drop-cap-view-framed .elementor-drop-cap{color:#69727d;border:3px solid;background-color:transparent}.elementor-widget-text-editor:not(.elementor-drop-cap-view-default) .elementor-drop-cap{margin-top:8px}.elementor-widget-text-editor:not(.elementor-drop-cap-view-default) .elementor-drop-cap-letter{width:1em;height:1em}.elementor-widget-text-editor .elementor-drop-cap{float:left;text-align:center;line-height:1;font-size:50px}.elementor-widget-text-editor .elementor-drop-cap-letter{display:inline-block}<\/style>\t\t\t\t<section class=\"elementor-section elementor-top-section elementor-element elementor-element-5644539 elementor-section-boxed elementor-section-height-default elementor-section-height-default\" data-id=\"5644539\" data-element_type=\"section\" data-settings=\"{&quot;_ha_eqh_enable&quot;:false}\"><div class=\"elementor-container elementor-column-gap-default\"><div class=\"elementor-column elementor-col-50 elementor-top-column elementor-element elementor-element-74a0227\" data-id=\"74a0227\" data-element_type=\"column\"><div class=\"elementor-widget-wrap elementor-element-populated\"><div class=\"elementor-element elementor-element-7e72f18 elementor-widget elementor-widget-heading\" data-id=\"7e72f18\" data-element_type=\"widget\" data-widget_type=\"heading.default\"><div class=\"elementor-widget-container\"><h1 class=\"elementor-heading-title elementor-size-default\">T\u00fcrkmenistan Nakliye<\/h1><\/div><\/div><\/div><\/div><\/div><\/section><section class=\"elementor-section elementor-top-section elementor-element elementor-element-d5674c0 elementor-section-boxed elementor-section-height-default elementor-section-height-default\" data-id=\"d5674c0\" data-element_type=\"section\" data-settings=\"{&quot;_ha_eqh_enable&quot;:false}\"><div class=\"elementor-container elementor-column-gap-default\"><div class=\"elementor-column elementor-col-100 elementor-top-column elementor-element elementor-element-d9ad18f\" data-id=\"d9ad18f\" data-element_type=\"column\"><div class=\"elementor-widget-wrap elementor-element-populated\"><div class=\"elementor-element elementor-element-99114c2 elementor-widget elementor-widget-text-editor\" data-id=\"99114c2\" data-element_type=\"widget\" data-widget_type=\"text-editor.default\"><div class=\"elementor-widget-container\"><p><strong>T\u00fcrkmenistan<\/strong>\u00a0<strong>nakliye firmalar\u0131\u00a0<\/strong>alan\u0131nda y\u0131llar\u0131n bilgi, birikim ve deneyimiyle \u00f6ne \u00e7\u0131kan \u00d6znak Group firmam\u0131z \u00f6nceli\u011fi daima m\u00fc\u015fteri memnuniyetine vererek emin ad\u0131mlarla yoluna devam etmektedir. Bir Orta Asya \u00fclkesi olan ve ba\u011f\u0131ms\u0131z T\u00fcrk devletlerinden birisi olan T\u00fcrkmenistan ba\u011f\u0131ms\u0131zl\u0131\u011f\u0131n\u0131 ilan ettikten sonra b\u00fcy\u00fck bir geli\u015fim kaydetmi\u015f, zengin yer alt\u0131 kaynaklar\u0131n\u0131n ve bulundu\u011fu lokasyonun avantajlar\u0131n\u0131 kullanarak d\u00fcnyaya a\u00e7\u0131lmaya ba\u015flam\u0131\u015ft\u0131r.<\/p><p>T\u00fcrkiye ile T\u00fcrkmenistan aras\u0131nda k\u00fclt\u00fcrel ve etnik ba\u011flar ticaret alan\u0131na da yans\u0131m\u0131\u015f, onlarca sekt\u00f6rde, y\u00fczlerce firma ithalat ve ihracat faaliyetlerine devam etmektedir. Bu esnada firmam\u0131z profesyonel \u00e7\u00f6z\u00fcmler geli\u015ftirerek iki \u00fclke aras\u0131nda geni\u015f ara\u00e7 filosu, uzman kadrosu, g\u00fc\u00e7l\u00fc acente a\u011f\u0131 ve ekonomik fiyatlar\u0131yla fark yaratmakta, b\u00fct\u00fcn ihtiya\u00e7lar\u0131 kar\u015f\u0131lamaya devam etmektedir.<\/p><p><strong>T\u00fcrkmenistan Nakliye Fiyatlar\u0131<\/strong><\/p><p><strong>T\u00fcrkmenistan<\/strong>\u00a0<strong>\u00e7al\u0131\u015fan nakliye firmalar\u0131\u00a0<\/strong>aras\u0131nda her zaman en \u00e7ok tercih edilen ve tavsiye edilenlerden birisiyiz. Bu alanda kaliteli, h\u0131zl\u0131 ve g\u00fcvenli sevkiyatlara imza atman\u0131n yan\u0131nda fiyat avantajlar\u0131m\u0131zla da \u00f6ne \u00e7\u0131k\u0131yoruz. T\u00fcrkmenistan nakliye fiyatlar\u0131m\u0131z birtak\u0131m unsurlara g\u00f6re, her nakliye operasyonunda ayr\u0131 ayr\u0131 belirlenmektedir.<\/p><p>T\u00fcrkmenistan nakliye fiyatlar\u0131m\u0131zda y\u00fck\u00fcn\u00fcz\u00fcn teslim al\u0131nd\u0131\u011f\u0131 nokta ile teslim edilece\u011fi nokta aras\u0131ndaki mesafe, tercih edilen g\u00fczergah, y\u00fck\u00fcn t\u00fcr\u00fc, y\u00fck\u00fcn \u00f6zellikleri, nakliye t\u00fcr\u00fc gibi etkenler belirleyici olmaktad\u0131r. Firmam\u0131z daima ula\u015f\u0131labilir fiyat avantajlar\u0131yla \u00f6ne \u00e7\u0131kmaktad\u0131r ve \u00e7a\u011fr\u0131 merkezimizi aray\u0131p istenen bilgileri payla\u015ft\u0131\u011f\u0131n\u0131zda ekiplerimiz en iyi fiyat tekliflerini sunmaktad\u0131rlar.<\/p><h1><span id=\"Turkmenistan_Nakliye_Hizmeti\" class=\"ez-toc-section\"><\/span><strong>T\u00fcrkmenistan Nakliye Hizmeti<\/strong><\/h1><p><strong>T\u00fcrkmenistan<\/strong>\u00a0<strong>lojistik\u00a0<\/strong>hizmetlerimiz \u00e7ok geni\u015f bir alanda devam etmektedir. Amac\u0131m\u0131z daima kendini ayr\u0131cal\u0131kl\u0131 hissetmek isteyen m\u00fc\u015fterilerimizin \u00e7\u00f6z\u00fcm orta\u011f\u0131 olmakt\u0131r ve bunun i\u00e7in daima d\u00fcnya standartlar\u0131nda uygulamalara yer veriyoruz. Ba\u015fl\u0131ca ger\u00e7ekle\u015ftirmi\u015f oldu\u011fumuz T\u00fcrkmenistan nakliye hizmetlerimiz \u015funlard\u0131r:<\/p><ul><li>T\u00fcrkmenistan karayolu nakliye,<\/li><li>T\u00fcrkmenistan parsiyel nakliye,<\/li><li>T\u00fcrkmenistan frigo nakliye,<\/li><li>T\u00fcrkmenistan a\u011f\u0131r nakliye,<\/li><li>T\u00fcrkmenistan proje ta\u015f\u0131mac\u0131l\u0131\u011f\u0131,<\/li><li>T\u00fcrkmenistan lowbed ta\u015f\u0131ma vd.<\/li><\/ul><p><strong>T\u00fcrkmenistan Karayolu Nakliye<\/strong><\/p><p><strong>T\u00fcrkmenistan nakliye<\/strong>\u00a0<strong>\u015firketleri\u00a0<\/strong>aray\u0131\u015flar\u0131nda \u00f6zellikle karayolu nakliye hizmetlerimizle \u00f6n plana \u00e7\u0131k\u0131yoruz. T\u00fcrkiye ve T\u00fcrkmenistan aras\u0131nda sahip olunan lokasyon vesilesiyle do\u011frudan karayolunu kullanarak ula\u015f\u0131m sa\u011flamak m\u00fcmk\u00fcnd\u00fcr. Alternatif g\u00fczergahlar oldu\u011fu i\u00e7in istenirse T\u00fcrkiye \u2013 \u0130ran \u2013 T\u00fcrkmenistan hatt\u0131 \u00fczerinden tamamen karayolu kullan\u0131lacak T\u00fcrkmenistan\u2019daki son al\u0131c\u0131ya y\u00fckleriniz teslim edilebilmektedir.<\/p><p>Nakliye operasyonlar\u0131m\u0131z belli bir sistem dahilinde i\u015flemekte olup siz de\u011ferli m\u00fc\u015fterilerimizin ihtiya\u00e7 ve isteklerine g\u00f6re planlamalar yap\u0131lmakta, en uygun g\u00fczergahlardan ortalama 8 ila 10 g\u00fcn i\u00e7inde teslimatlar\u0131m\u0131z ger\u00e7ekle\u015ftirilmektedir. Geni\u015f ara\u00e7 filomuz i\u00e7inde y\u00fck\u00fcn\u00fcz\u00fcn \u00f6zelliklerine ve miktar\u0131na g\u00f6re en uygunu se\u00e7ilmekte, uzman \u015fof\u00f6rlerimiz ve saha ekiplerimizle T\u00fcrkmenistan\u2019\u0131n hemen b\u00fct\u00fcn \u015fehirlerine teslimat yap\u0131labilmektedir.<\/p><p><strong>T\u00fcrkmenistan Gemi Nakliyesi<\/strong><\/p><p>T\u00fcrkmenistan bir Orta Asya \u00fclkesi olmakla birlikte Hazar Denizi\u2019ne de k\u0131y\u0131s\u0131 vard\u0131r. Bu nedenle T\u00fcrkiye \u2013 T\u00fcrkmenistan hatt\u0131nda denizyolunu kullanmak da m\u00fcmk\u00fcnd\u00fcr. T\u00fcrkmenistan gemi nakliye uygulamalar\u0131m\u0131zda Karadeniz, Volga Nehri, Hazar Denizi ve T\u00fcrkmenba\u015f\u0131 Liman\u0131 rotas\u0131 izlenerek var\u0131\u015f noktas\u0131na ula\u015f\u0131labilmektedir.<\/p><p>\u00d6znak Group olarak her zaman en h\u0131zl\u0131, en g\u00fcvenli ve en kaliteli \u00e7\u00f6z\u00fcmleri sunuyor, bunun i\u00e7in karayollar\u0131n\u0131 oldu\u011fu gibi denizyollar\u0131n\u0131 da en aktif bi\u00e7imde kullan\u0131yoruz. Denizyolundan \u00e7ok daha fazla y\u00fck\u00fcn tek seferde daha ekonomik \u015fekilde ta\u015f\u0131nmas\u0131na yard\u0131mc\u0131 oluyoruz. Profesyonel ekibimizle \u00e7a\u011fr\u0131 merkezimize ula\u015ft\u0131\u011f\u0131n\u0131z andan itibaren b\u00fct\u00fcn planlamay\u0131 en etkin bi\u00e7imde ger\u00e7ekle\u015ftiriyoruz.<\/p><p><strong>T\u00fcrkmenistan A\u015fkabat Nakliye<\/strong><\/p><p>B\u00fct\u00fcn \u00fclkelerde oldu\u011fu gibi T\u00fcrkmenistan\u2019da da ba\u015fken en kalabal\u0131k ve en hareketli \u015fehirlerden birisidir. Bu nedenle\u00a0<strong>T\u00fcrkmenistan<\/strong>\u00a0<strong>lojistik firmalar\u0131\u00a0<\/strong>aras\u0131nda \u00f6ne \u00e7\u0131kan \u00d6znak Group firmam\u0131z da T\u00fcrkmenistan\u2019\u0131n A\u015fkabat \u015fehrine yo\u011fun bir ta\u015f\u0131mac\u0131l\u0131k yapmaktad\u0131r.<\/p><p>T\u00fcrkmenistan A\u015fkabat nakliye hizmetlerimizle \u00e7ok farkl\u0131 sekt\u00f6rlerde, b\u00fct\u00fcn nakliye t\u00fcrlerinde ta\u015f\u0131mac\u0131l\u0131k yap\u0131yoruz. Bunun i\u00e7in Ankara, \u0130stanbul, Antalya, Bursa, Kocaeli, Manisa, K\u00fctahya, Gaziantep, Mersin, Adana gibi hemen her \u015fehrimizden y\u00fckleme yapabiliyor gerek karayolu ile gerekse karayoluyla denizyolunun entegre kullan\u0131lmas\u0131yla y\u00fcklerinizi do\u011frudan A\u015fkabat\u2019taki al\u0131c\u0131lar\u0131na teslim edebiliyoruz.<\/p><h1><span id=\"Turkmenistan_Tasimacilik_Avantajlari\" class=\"ez-toc-section\"><\/span><strong>T\u00fcrkmenistan Ta\u015f\u0131mac\u0131l\u0131k Avantajlar\u0131<\/strong><\/h1><p><strong>T\u00fcrkmenistan nakliyecileri<\/strong> aras\u0131nda her zaman en iyisiyle \u00e7al\u0131\u015fmak hakk\u0131n\u0131z. \u00c7\u00fcnk\u00fc uluslararas\u0131 nakliye firman\u0131z i\u00e7in her zaman b\u00fcy\u00fck \u00f6neme sahiptir ve i\u015f birli\u011fi yapaca\u011f\u0131n\u0131z nakliye firmas\u0131n\u0131n mutlaka sizi daha ileriye ta\u015f\u0131yacak \u00f6zelliklere sahip olmas\u0131 gerekir. Maddi ve manevi olarak her seferinde art\u0131 katmas\u0131 beklenir. \u00d6znak Group olarak T\u00fcrkmenistan nakliye hizmetlerimizde sizlere \u00e7e\u015fitli avantajlar sa\u011fl\u0131yoruz. Bunlardan baz\u0131lar\u0131n\u0131 \u015f\u00f6yle s\u0131ralayabiliriz:<\/p><ul><li>Her ihtiyaca uygun farkl\u0131 nakliye t\u00fcrleri,<\/li><li>Geni\u015f ve gen\u00e7 ara\u00e7 filosu,<\/li><li>Alan\u0131nda e\u011fitimli, deneyimli ve geli\u015fime a\u00e7\u0131k kadro,<\/li><li>B\u00fct\u00e7e dostu fiyatlar,<\/li><li>En modern donan\u0131mlara sahip ara\u00e7lar,<\/li><li>7\/24 uzman deste\u011fi,<\/li><li>G\u00fc\u00e7l\u00fc altyap\u0131,<\/li><li>Sigortal\u0131 ta\u015f\u0131mac\u0131l\u0131k,<\/li><li>Dok\u00fcman ve evrak konular\u0131nda destek.<\/li><\/ul><p><strong>T\u00fcrkmenistan Frigo Nakliye<\/strong><\/p><p>T\u00fcrkmenistan ile T\u00fcrkiye aras\u0131nda \u00e7ok farkl\u0131 alanlarda i\u015f birlikleri oldu\u011fundan \u00e7e\u015fitli \u00f6zelliklerde y\u00fckler olabilmektedir. Firmam\u0131z da\u00a0<strong>T\u00fcrkmenistan<\/strong>\u00a0<strong>frigo parsiyel nakliye\u00a0<\/strong>gibi \u00e7e\u015fitli nakliye t\u00fcrleriyle her ihtiyaca \u00e7\u00f6z\u00fcm sunmaktad\u0131r.<\/p><p>T\u00fcrkmenistan frigo nakliye hizmetimizle iki \u00fclke aras\u0131nda sabit s\u0131cakl\u0131kta ta\u015f\u0131nmas\u0131 gereken her t\u00fcrl\u00fc \u00f6zel y\u00fck\u00fcn\u00fcz\u00fc \u00f6zel so\u011futmal\u0131 ara\u00e7lar\u0131m\u0131zla ta\u015f\u0131yabiliyoruz. So\u011fuk zincirin k\u0131r\u0131lmas\u0131na m\u00fcsaade etmeden b\u00fct\u00fcn y\u00fcklerinizin tazelikleri, fiziksel ve kimyasal \u00f6zellikleri bozulmadan al\u0131c\u0131lar\u0131na ula\u015ft\u0131r\u0131yor, raf \u00f6mr\u00fcn\u00fcn en uzun \u015fekilde kalmas\u0131n\u0131 sa\u011fl\u0131yoruz.<\/p><p><strong>T\u00fcrkmenistan t\u0131r ta\u015f\u0131mac\u0131l\u0131\u011f\u0131<\/strong>\u00a0alan\u0131nda frigo nakliye ile taze sebze ve meyveleri, dondurulmu\u015f g\u0131dalar\u0131, unlu mamulleri, s\u00fcs bitkilerini, ila\u00e7lar\u0131, medikal \u00fcr\u00fcnleri, \u00e7e\u015fitli kimyasallar\u0131, et ve et \u00fcr\u00fcnlerini ve daha fazlas\u0131n\u0131 ta\u015f\u0131yabiliyoruz. En modern so\u011futma sistemlerine sahip ara\u00e7lar\u0131m\u0131z y\u00fck\u00fcn t\u00fcr\u00fcne g\u00f6re -26 ila 18 derece aras\u0131nda sabit bir s\u0131cakl\u0131\u011fa ayarlanmakta ve son al\u0131c\u0131ya kadar ayn\u0131 \u0131s\u0131da kalmas\u0131 sa\u011flanmaktad\u0131r.<\/p><p><strong>T\u00fcrkmenistan Frigo Nakliye Nas\u0131l Yap\u0131l\u0131r?<\/strong><\/p><p>T\u00fcrkmenistan frigo nakliye \u00f6zel ara\u00e7larla yap\u0131l\u0131r. Bu nakliye t\u00fcr\u00fcnde y\u00fck\u00fcn y\u00fckleme noktas\u0131ndan teslimat noktas\u0131na kadar ayn\u0131 s\u0131cakl\u0131kta kalabilmesi gerekir. Bunun i\u00e7in \u00d6znak Group firmam\u0131z\u0131n \u00f6zel so\u011futmal\u0131 dorseleri kullan\u0131l\u0131r.<\/p><p>Ara\u00e7lar\u0131m\u0131z\u0131n \u0131s\u0131 ayarlar\u0131 daha y\u00fckleme yap\u0131lmadan ayarlan\u0131r ve y\u00fckler belli bir nizam dahilinde araca y\u00fcklenerek i\u00e7erde hava sirk\u00fclasyonunun kesilmemesi sa\u011flan\u0131r. \u015eof\u00f6rlerimiz yol boyunca dorselerimizin \u0131s\u0131s\u0131n\u0131 kontrol eder ve ayn\u0131 \u0131s\u0131da teslimat noktas\u0131na kadar ula\u015f\u0131l\u0131r.<\/p><p><strong>T\u00fcrkmenistan Frigo Ta\u015f\u0131mada Sigortal\u0131 Hizmet<\/strong><\/p><p><strong>T\u00fcrkmenistan<\/strong>\u00a0<strong>lojistik\u00a0<\/strong>faaliyetlerimizde her operasyonumuz \u00f6ncesi gereken her t\u00fcrl\u00fc \u00f6nlemi al\u0131yoruz. Ara\u00e7lar\u0131m\u0131z\u0131 \u00f6nceden haz\u0131rl\u0131yor, kontrollerini, bak\u0131mlar\u0131n\u0131 yap\u0131yoruz. Evrak i\u015flemlerini hen\u00fcz yola \u00e7\u0131kmadan hallederek zaman kayb\u0131n\u0131 ortadan kald\u0131r\u0131yoruz.<\/p><p>B\u00fct\u00fcn \u00f6nlemleri almam\u0131za ra\u011fmen s\u00fcrprizlere haz\u0131rl\u0131kl\u0131 olma ad\u0131na y\u00fcklerinizi CMR sigortas\u0131 ile sigortalayarak ta\u015f\u0131yoruz. \u00d6zelliklerine g\u00f6re daha fark\u0131 sigortalar\u0131 da tercihe sunabiliyoruz. Bu sayede hayat\u0131n her t\u00fcrl\u00fc s\u00fcrprizine kar\u015f\u0131 haz\u0131rl\u0131kl\u0131 olarak en k\u00f6t\u00fc ihtimalde maddi kay\u0131p ya\u015famaman\u0131z\u0131 sa\u011fl\u0131yoruz.<\/p><p><strong>T\u00fcrkmenistan Parsiyel Nakliye<\/strong><\/p><p><strong>T\u00fcrkmenistan<\/strong>\u00a0<strong>parsiyel\u00a0<\/strong>nakliye en \u00e7ok tercih edilen nakliye t\u00fcrlerimizden birisidir. Parsiyel nakliye ile y\u00fck\u00fcn\u00fcz\u00fcn miktar\u0131 her ne olursa olsun T\u00fcrkmenistan\u2019a g\u00f6nderebilmeniz m\u00fcmk\u00fcn olmaktad\u0131r. Depolar\u0131m\u0131zda toplanan par\u00e7a y\u00fckleriniz haftan\u0131n belli g\u00fcnlerinde al\u0131c\u0131lar\u0131na do\u011fru hareket etmekte, en k\u0131sa s\u00fcrede son al\u0131c\u0131ya ula\u015f\u0131lmaktad\u0131r.<\/p><p><strong>T\u00fcrkmenistan Parsiyel Nakliye G\u00fczergahlar\u0131<\/strong><\/p><p>T\u00fcrkmenistan parsiyel nakliye g\u00fczergahlar\u0131 iki farkl\u0131 \u015fekilde olabilmektedir. Depolar\u0131m\u0131zdan \u00e7\u0131kan ara\u00e7lar\u0131m\u0131z T\u00fcrkiye, G\u00fcrcistan, Azerbaycan, T\u00fcrkmenistan g\u00fczergahlar\u0131n\u0131 takip edebilmektedirler. Azerbaycan\u2019\u0131n Alyat Liman\u0131ndan T\u00fcrkmenba\u015f\u0131 Liman\u0131na Ro-Ro ge\u00e7i\u015fleri ile rahatl\u0131kla ula\u015f\u0131labilmektedir.<\/p><h1><span id=\"Turkmenistan_Sehirlerine_Parsiyel\" class=\"ez-toc-section\"><\/span><strong>T\u00fcrkmenistan \u015eehirlerine Parsiyel<\/strong><\/h1><p>Parsiyel nakliye hizmetlerimizde y\u00fcklerinizin son teslimat noktas\u0131 al\u0131c\u0131lar\u0131n\u0131z\u0131n adresleri ya da istedi\u011finiz g\u00fcmr\u00fckler olabilmektedir. Ba\u015fl\u0131ca teslimat yapt\u0131\u011f\u0131m\u0131z\u00a0<strong>T\u00fcrkmenistan<\/strong>\u00a0<strong>\u015fehirleri\u00a0<\/strong>\u015funlard\u0131r:<\/p><ul><li>A\u015fkabat<\/li><li>Mary<\/li><li>T\u00fcrkmenabat<\/li><li>Balkanabat<\/li><li>Ba\u00fdramaly<\/li><li>T\u00fcrkmenba\u015f\u0131<\/li><li>Da\u015fo\u011fuz<\/li><li>Merv<\/li><li>Kum Dag<\/li><li>Kaakhka<\/li><li>Nebit-Da\u011f<\/li><li>Hazar<\/li><li>K\u00f6hne \u00dcrgen\u00e7<\/li><\/ul><p><strong>T\u00fcrkmenistan Havayolu Parsiyel Hizmeti<\/strong><\/p><p>T\u00fcrkmenistan ile T\u00fcrkiye aras\u0131nda havayolu ula\u015f\u0131m\u0131 mevcuttur. Bu nedenle \u0130stanbul\u2019dan T\u00fcrkmenistan\u2019a u\u00e7ak seferleriyle parsiyel y\u00fcklerinizi g\u00f6nderebilir, havalimanlar\u0131nda al\u0131c\u0131lar\u0131na teslim etmemizi talep edebilirsiniz. Uzman ekibimiz b\u00fct\u00fcn s\u00fcreci planlay\u0131p y\u00f6netecek ve kusursuz bir deneyim ya\u015fatacaklard\u0131r.<\/p><p><strong>T\u00fcrkmenistan Parsiyel M\u00fc\u015fteri Deste\u011fi<\/strong><\/p><p>T\u00fcrkmenistan parsiyel nakliye pek \u00e7ok avantaj sa\u011flasa da di\u011fer nakliye t\u00fcrlerine nazaran \u00e7ok daha komplikedir. Bu nedenle her ad\u0131mda profesyonellik gerekir. \u00d6znak Group olarak 7\/24 m\u00fc\u015fteri deste\u011fi sa\u011fl\u0131yor, bilgi ve evrak ihtiya\u00e7lar\u0131nda yard\u0131mc\u0131 oluyor ve lojistik s\u00fcre\u00e7lerinizi en kolay hale getiriyoruz.<\/p><p><strong>T\u00fcrkmenistan A\u011f\u0131r Nakliye<\/strong><\/p><p><strong>T\u00fcrkmenistan kargo \u015firketleri<\/strong>\u00a0aras\u0131nda firmam\u0131z a\u011f\u0131r nakliye \u00e7\u00f6z\u00fcmleriyle de fark yaratmaktad\u0131r. Lowbed ara\u00e7lar\u0131m\u0131zla standart d\u0131\u015f\u0131 y\u00fcklerinizi en g\u00fcvenli bi\u00e7imde T\u00fcrkmenistan\u2019daki son al\u0131c\u0131lar\u0131na kadar ta\u015f\u0131yabiliyor, b\u00fct\u00fcn g\u00fczergah boyunca a\u011f\u0131r nakliyede uzman ekipler kullan\u0131yoruz. Teknolojinin en son olanaklar\u0131 ile kusursuz bir ta\u015f\u0131mac\u0131l\u0131k yap\u0131yoruz.<\/p><p><strong>T\u00fcrkmenistan Proje Nakliye<\/strong><\/p><p><strong>T\u00fcrkmenistan tren ta\u015f\u0131mac\u0131l\u0131\u011f\u0131<\/strong>, karayolu ta\u015f\u0131mac\u0131l\u0131\u011f\u0131, denizyolu ta\u015f\u0131mac\u0131l\u0131\u011f\u0131 gibi alternatif se\u00e7enekleri kullanarak hizmet veren firmam\u0131z gabari d\u0131\u015f\u0131 olarak tarif edilen \u00f6zel proje ve y\u00fcklerinizi de g\u00fcvenle ta\u015f\u0131maktad\u0131r. En uygun ara\u00e7lar ve uzman ekiple standart d\u0131\u015f\u0131 y\u00fckleriniz T\u00fcrkmenistan\u2019daki son al\u0131c\u0131ya kadar ula\u015ft\u0131r\u0131labilmektedir.<\/p><h1><span id=\"Turkmenistan_Nakliye_ile_Ilgili_Sikca_Sorulan_Sorular\" class=\"ez-toc-section\"><\/span><strong>T\u00fcrkmenistan Nakliye ile \u0130lgili S\u0131k\u00e7a Sorulan Sorular<\/strong><\/h1><p>\u00d6znak Group firmam\u0131z uzman kadrosuyla hem \u00e7a\u011fr\u0131 merkezinde hem sahada ihtiya\u00e7lar\u0131n\u0131z\u0131 kar\u015f\u0131lamaktad\u0131r. Bu vesileyle T\u00fcrkmenistan nakliye t\u00fcrleri nelerdir, T\u00fcrkmenistan nakliye s\u00fcreleri ne kadard\u0131r, T\u00fcrkmenistan nakliye fiyatlar\u0131 nedir gibi akl\u0131n\u0131za tak\u0131lan her soru i\u00e7in bizimle ileti\u015fime ge\u00e7ebilirsiniz.<\/p><\/div><\/div><\/div><\/div><\/div><\/section>\t\t\t\t\t\t<\/div>\n\t\t\t\t<\/div>\n\t\t\t\t\t<\/div>\n\t\t<\/div>\n\t\t\t\t\t\t\t<\/div>\n\t\t<\/section>\n\t\t\t\t\t\t\t<\/div>\n\t\t","protected":false},"excerpt":{"rendered":"<p>T\u00fcrkmenistan Nakliye T\u00fcrkmenistan\u00a0nakliye firmalar\u0131\u00a0alan\u0131nda y\u0131llar\u0131n bilgi, birikim ve deneyimiyle \u00f6ne \u00e7\u0131kan \u00d6znak Group firmam\u0131z \u00f6nceli\u011fi daima m\u00fc\u015fteri memnuniyetine vererek emin ad\u0131mlarla yoluna devam etmektedir. Bir Orta Asya \u00fclkesi olan ve ba\u011f\u0131ms\u0131z T\u00fcrk devletlerinden birisi olan T\u00fcrkmenistan ba\u011f\u0131ms\u0131zl\u0131\u011f\u0131n\u0131 ilan ettikten sonra b\u00fcy\u00fck bir geli\u015fim kaydetmi\u015f, zengin yer alt\u0131 kaynaklar\u0131n\u0131n ve bulundu\u011fu lokasyonun avantajlar\u0131n\u0131 kullanarak d\u00fcnyaya a\u00e7\u0131lmaya [&hellip;]<\/p>\n","protected":false},"author":1,"featured_media":0,"parent":0,"menu_order":0,"comment_status":"closed","ping_status":"closed","template":"","meta":[],"_links":{"self":[{"href":"https:\/\/oznakgroup.com.tr\/index.php\/wp-json\/wp\/v2\/pages\/313"}],"collection":[{"href":"https:\/\/oznakgroup.com.tr\/index.php\/wp-json\/wp\/v2\/pages"}],"about":[{"href":"https:\/\/oznakgroup.com.tr\/index.php\/wp-json\/wp\/v2\/types\/page"}],"author":[{"embeddable":true,"href":"https:\/\/oznakgroup.com.tr\/index.php\/wp-json\/wp\/v2\/users\/1"}],"replies":[{"embeddable":true,"href":"https:\/\/oznakgroup.com.tr\/index.php\/wp-json\/wp\/v2\/comments?post=313"}],"version-history":[{"count":0,"href":"https:\/\/oznakgroup.com.tr\/index.php\/wp-json\/wp\/v2\/pages\/313\/revisions"}],"wp:attachment":[{"href":"https:\/\/oznakgroup.com.tr\/index.php\/wp-json\/wp\/v2\/media?parent=313"}],"curies":[{"name":"wp","href":"https:\/\/api.w.org\/{rel}","templated":true}]}}