{"id":171,"date":"2022-12-18T12:20:59","date_gmt":"2022-12-18T12:20:59","guid":{"rendered":"https:\/\/oznakgroup.com.tr\/?page_id=171"},"modified":"2023-02-16T13:38:38","modified_gmt":"2023-02-16T13:38:38","slug":"kara-yolu-tasimaciligi","status":"publish","type":"page","link":"https:\/\/oznakgroup.com.tr\/index.php\/kara-yolu-tasimaciligi\/","title":{"rendered":"Kara Yolu Ta\u015f\u0131mac\u0131l\u0131\u011f\u0131"},"content":{"rendered":"\t\t<div data-elementor-type=\"wp-page\" data-elementor-id=\"171\" class=\"elementor elementor-171\">\n\t\t\t\t\t\t\t\t\t<section class=\"elementor-section elementor-top-section elementor-element elementor-element-b349c42 elementor-section-boxed elementor-section-height-default elementor-section-height-default tf-sticky-section tf-sticky-no\" data-id=\"b349c42\" data-element_type=\"section\" data-settings=\"{&quot;tf_sticky&quot;:&quot;no&quot;}\">\n\t\t\t\t\t\t<div class=\"elementor-container elementor-column-gap-default\">\n\t\t\t\t\t<div class=\"elementor-column elementor-col-100 elementor-top-column elementor-element elementor-element-a717ba5\" data-id=\"a717ba5\" data-element_type=\"column\">\n\t\t\t<div class=\"elementor-widget-wrap elementor-element-populated\">\n\t\t\t\t\t\t\t\t<div class=\"elementor-element elementor-element-e8e8e54 elementor-widget elementor-widget-text-editor\" data-id=\"e8e8e54\" data-element_type=\"widget\" data-widget_type=\"text-editor.default\">\n\t\t\t\t<div class=\"elementor-widget-container\">\n\t\t\t<style>\/*! elementor - v3.13.3 - 22-05-2023 *\/\n.elementor-widget-text-editor.elementor-drop-cap-view-stacked .elementor-drop-cap{background-color:#69727d;color:#fff}.elementor-widget-text-editor.elementor-drop-cap-view-framed .elementor-drop-cap{color:#69727d;border:3px solid;background-color:transparent}.elementor-widget-text-editor:not(.elementor-drop-cap-view-default) .elementor-drop-cap{margin-top:8px}.elementor-widget-text-editor:not(.elementor-drop-cap-view-default) .elementor-drop-cap-letter{width:1em;height:1em}.elementor-widget-text-editor .elementor-drop-cap{float:left;text-align:center;line-height:1;font-size:50px}.elementor-widget-text-editor .elementor-drop-cap-letter{display:inline-block}<\/style>\t\t\t\t<header class=\"header btClear extralarge btAccentDash btRegularTitle\"><div class=\"dash\"><h1><span class=\"headline\">KARA YOLU TA\u015eIMACILI\u011eI<\/span><\/h1><\/div><\/header><div class=\"btClear btSeparator topSmallSpaced noBorder\"><hr \/><\/div><div class=\"btText\"><div id=\"tab-karayolu-tasimaciligi\" class=\"tab-img-content\" data-title=\"KARAYOLU TA\u015eIMACILI\u011eI\"><p>Uzman kadromuzla, etkin \u00e7\u00f6z\u00fcmlerimizle ve \u00e7al\u0131\u015fma prensiplerimizle \u00d6ZNAK GROUP olarak karayolu ta\u015f\u0131mac\u0131l\u0131\u011f\u0131 ile siz de\u011ferli m\u00fc\u015fterilerimizin yan\u0131nday\u0131z. Kuruldu\u011fumuz g\u00fcnden bu yana sadece \u015fehir i\u00e7i ta\u015f\u0131mac\u0131l\u0131kta kat etti\u011fimiz yol 7 milyon kilometrenin \u00fczerinde\u2026<\/p><p>Yurt i\u00e7i veya uluslararas\u0131 karayolu ta\u015f\u0131mac\u0131l\u0131\u011f\u0131 ile \u00e7\u00f6z\u00fcm odakl\u0131 yakla\u015f\u0131m\u0131m\u0131z, operasyon deneyimimiz ve s\u0131n\u0131rs\u0131z deste\u011fimizle her zaman siz de\u011ferli m\u00fc\u015fterilerimizin yan\u0131nday\u0131z. Uzman ekibimiz karayolu ta\u015f\u0131mac\u0131l\u0131\u011f\u0131nda da \u00fcr\u00fcnlerinizin teslimat\u0131n\u0131 uygun maliyetlerle ve ayn\u0131 zamanda esnek ve yarat\u0131c\u0131 \u00e7\u00f6z\u00fcmlerle sizlere sa\u011flamaya devam ediyor. D\u00fcnyadaki karayolu lojistik firmalar\u0131 aras\u0131nda ayr\u0131cal\u0131kl\u0131 yerimizi almak \u00fczere emin ad\u0131mlarla y\u00fcr\u00fcrken en b\u00fcy\u00fck motivasyonumuz m\u00fc\u015fterilerimizin de bizimle birlikte b\u00fcy\u00fcmesine ve g\u00fc\u00e7lenmesine destek olmak.<\/p><p><strong><u>Karayolu Ta\u015f\u0131mac\u0131l\u0131\u011f\u0131nda Sundu\u011fumuz Lojistik Servisler<\/u><\/strong><\/p><ul><li>Komple ve parsiyel servis<\/li><li>Proje y\u00fcklemeleri<\/li><li>Gabari d\u0131\u015f\u0131 mallar\u0131n ta\u015f\u0131nmas\u0131<\/li><li>CIS \u00fclkelerine Avrupa\u2019dan TC aktarmal\u0131 ta\u015f\u0131ma<\/li><li>T\u00fcrkiye\u2019den direkt servis<\/li><\/ul><p><a href=\"https:\/\/oznakgroup.com.tr\/\">\u00d6ZNAK GROUP<\/a>\u00a0olarak entegre lojistik \u00e7\u00f6z\u00fcmlerimizle, karayolu y\u00fck ta\u015f\u0131mac\u0131l\u0131\u011f\u0131na dair t\u00fcm hizmetlerimizi ayn\u0131 zamanda havayolu ve denizyolu lojistik hizmetlerimizle de birle\u015ftirerek ihtiya\u00e7lar\u0131n\u0131z\u0131 kusursuz \u015fekilde kar\u015f\u0131layabilmek \u00fczerine \u00e7al\u0131\u015fmaktay\u0131z. Lojistik ihtiya\u00e7lar\u0131n\u0131z\u0131 dilerseniz tek hizmet kapsam\u0131nda dilerseniz b\u00fct\u00fcnle\u015fik bir yakla\u015f\u0131mla en do\u011fru \u015fekilde kar\u015f\u0131layabilece\u011finiz uluslararas\u0131 \u00e7\u00f6z\u00fcm orta\u011f\u0131n\u0131z olarak, ihtiyac\u0131n\u0131za en uygun ve en ekonomik kombinasyonlar\u0131 olu\u015fturmak ve t\u00fcm operasyon s\u00fcre\u00e7lerini takip etmek i\u00e7in her zaman yan\u0131n\u0131zda.<\/p><p>Gabari d\u0131\u015f\u0131 a\u011f\u0131r hacimli y\u00fckleri, profesyonel ekibimizle birlikte en ince detay\u0131na kadar planlayarak ve t\u00fcm operasyonu kusursuz \u015fekilde y\u00f6neterek, en g\u00fcvenli \u015fekilde istenilen noktaya ula\u015ft\u0131r\u0131yoruz.<\/p><p>Y\u00fcksek sorumluluk anlay\u0131\u015f\u0131yla \u00e7al\u0131\u015fan ekibimiz hem y\u00fcklerinizin, hem de karayolu nakliye s\u00fcrecinde yolumuzun kesi\u015fti\u011fi her canl\u0131n\u0131n g\u00fcvenli\u011fine ve varl\u0131k sebebine de\u011fer vererek hareket eder. T\u00fcm tedbirleri alarak projeyi planlar ve uluslararas\u0131 standartlara uygun, \u00f6zenli ve dikkatli bir yakla\u015f\u0131mla s\u00fcre\u00e7 y\u00f6netimini ger\u00e7ekle\u015ftirerek sorunsuz bi\u00e7imde \u00fcr\u00fcnlerinizi teslim noktas\u0131na kadar ula\u015ft\u0131r\u0131r.<\/p><p>Karayolu nakliye alan\u0131ndaki t\u00fcm hizmetlerde bize olan g\u00fcveniniz i\u00e7in te\u015fekk\u00fcr ederiz.<\/p><\/div><\/div>\t\t\t\t\t\t<\/div>\n\t\t\t\t<\/div>\n\t\t\t\t\t<\/div>\n\t\t<\/div>\n\t\t\t\t\t\t\t<\/div>\n\t\t<\/section>\n\t\t\t\t\t\t\t<\/div>\n\t\t","protected":false},"excerpt":{"rendered":"<p>KARA YOLU TA\u015eIMACILI\u011eI Uzman kadromuzla, etkin \u00e7\u00f6z\u00fcmlerimizle ve \u00e7al\u0131\u015fma prensiplerimizle \u00d6ZNAK GROUP olarak karayolu ta\u015f\u0131mac\u0131l\u0131\u011f\u0131 ile siz de\u011ferli m\u00fc\u015fterilerimizin yan\u0131nday\u0131z. Kuruldu\u011fumuz g\u00fcnden bu yana sadece \u015fehir i\u00e7i ta\u015f\u0131mac\u0131l\u0131kta kat etti\u011fimiz yol 7 milyon kilometrenin \u00fczerinde\u2026 Yurt i\u00e7i veya uluslararas\u0131 karayolu ta\u015f\u0131mac\u0131l\u0131\u011f\u0131 ile \u00e7\u00f6z\u00fcm odakl\u0131 yakla\u015f\u0131m\u0131m\u0131z, operasyon deneyimimiz ve s\u0131n\u0131rs\u0131z deste\u011fimizle her zaman siz de\u011ferli m\u00fc\u015fterilerimizin [&hellip;]<\/p>\n","protected":false},"author":1,"featured_media":0,"parent":0,"menu_order":0,"comment_status":"closed","ping_status":"closed","template":"","meta":[],"_links":{"self":[{"href":"https:\/\/oznakgroup.com.tr\/index.php\/wp-json\/wp\/v2\/pages\/171"}],"collection":[{"href":"https:\/\/oznakgroup.com.tr\/index.php\/wp-json\/wp\/v2\/pages"}],"about":[{"href":"https:\/\/oznakgroup.com.tr\/index.php\/wp-json\/wp\/v2\/types\/page"}],"author":[{"embeddable":true,"href":"https:\/\/oznakgroup.com.tr\/index.php\/wp-json\/wp\/v2\/users\/1"}],"replies":[{"embeddable":true,"href":"https:\/\/oznakgroup.com.tr\/index.php\/wp-json\/wp\/v2\/comments?post=171"}],"version-history":[{"count":0,"href":"https:\/\/oznakgroup.com.tr\/index.php\/wp-json\/wp\/v2\/pages\/171\/revisions"}],"wp:attachment":[{"href":"https:\/\/oznakgroup.com.tr\/index.php\/wp-json\/wp\/v2\/media?parent=171"}],"curies":[{"name":"wp","href":"https:\/\/api.w.org\/{rel}","templated":true}]}}