{"id":165,"date":"2022-12-18T12:20:28","date_gmt":"2022-12-18T12:20:28","guid":{"rendered":"https:\/\/oznakgroup.com.tr\/?page_id=165"},"modified":"2022-12-24T13:46:24","modified_gmt":"2022-12-24T13:46:24","slug":"hava-yolu-tasimaciligi","status":"publish","type":"page","link":"https:\/\/oznakgroup.com.tr\/index.php\/hava-yolu-tasimaciligi\/","title":{"rendered":"Hava Yolu Ta\u015f\u0131mac\u0131l\u0131\u011f\u0131"},"content":{"rendered":"\t\t<div data-elementor-type=\"wp-page\" data-elementor-id=\"165\" class=\"elementor elementor-165\">\n\t\t\t\t\t\t\t\t\t<section class=\"elementor-section elementor-top-section elementor-element elementor-element-a770326 elementor-section-boxed elementor-section-height-default elementor-section-height-default tf-sticky-section tf-sticky-no\" data-id=\"a770326\" data-element_type=\"section\" data-settings=\"{&quot;tf_sticky&quot;:&quot;no&quot;}\">\n\t\t\t\t\t\t<div class=\"elementor-container elementor-column-gap-default\">\n\t\t\t\t\t<div class=\"elementor-column elementor-col-100 elementor-top-column elementor-element elementor-element-8747452\" data-id=\"8747452\" data-element_type=\"column\">\n\t\t\t<div class=\"elementor-widget-wrap elementor-element-populated\">\n\t\t\t\t\t\t\t\t<div class=\"elementor-element elementor-element-3e7c31d elementor-widget elementor-widget-text-editor\" data-id=\"3e7c31d\" data-element_type=\"widget\" data-widget_type=\"text-editor.default\">\n\t\t\t\t<div class=\"elementor-widget-container\">\n\t\t\t<style>\/*! elementor - v3.13.3 - 22-05-2023 *\/\n.elementor-widget-text-editor.elementor-drop-cap-view-stacked .elementor-drop-cap{background-color:#69727d;color:#fff}.elementor-widget-text-editor.elementor-drop-cap-view-framed .elementor-drop-cap{color:#69727d;border:3px solid;background-color:transparent}.elementor-widget-text-editor:not(.elementor-drop-cap-view-default) .elementor-drop-cap{margin-top:8px}.elementor-widget-text-editor:not(.elementor-drop-cap-view-default) .elementor-drop-cap-letter{width:1em;height:1em}.elementor-widget-text-editor .elementor-drop-cap{float:left;text-align:center;line-height:1;font-size:50px}.elementor-widget-text-editor .elementor-drop-cap-letter{display:inline-block}<\/style>\t\t\t\t<h1><strong>Hava Yolu Ta\u015f\u0131mac\u0131l\u0131\u011f\u0131 Nedir?<\/strong><\/h1>\n<p>Ta\u015f\u0131mac\u0131l\u0131k ya da kargo anlay\u0131\u015f\u0131, bilindi\u011fi \u00fczere, herhangi bir \u00fcr\u00fcn\u00fcn herhangi bir malzemenin, istenilen bir yerden al\u0131nmas\u0131, istenilen di\u011fer bir noktaya, yine istenilen zamanda, sa\u011fl\u0131kl\u0131 ko\u015fullarda teslim edilmesi anlam\u0131na gelmektedir.<br>G\u00fcn\u00fcm\u00fczde bu alanda hizmet veren bir\u00e7ok i\u015fletme bulunmak ile birlikte, kargo ifadesi kullan\u0131ld\u0131\u011f\u0131nda genelde akla, klasik kargo \u015firketleri gelmektedir. Bir \u00fcr\u00fcn teslim edilmekte, bir adres verilmekte, teslim edilen \u00fcr\u00fcn, adrese en k\u0131sa zamanda, bozulmadan, deforme meydana gelmeden, ula\u015ft\u0131r\u0131lmakta ve g\u00f6nderinin adresine gerekli bilgi verilmektedir.<\/p>\n<p>Havayolu ta\u015f\u0131mac\u0131l\u0131\u011f\u0131 da, benzer prensipler dahilinde hareket etme anlam\u0131na gelmektedir. Genel anlamda,&nbsp;<em><strong>havayolu ta\u015f\u0131mac\u0131l\u0131\u011f\u0131 nedir?<\/strong><\/em>&nbsp;Sorusunun kar\u015f\u0131l\u0131\u011f\u0131nda, klasik kargo anlay\u0131\u015f\u0131n\u0131n, havayolu ile u\u00e7aklar ile istenen noktalara ula\u015ft\u0131r\u0131lmas\u0131, teslimat s\u00fcrecinin tamamlanmas\u0131 olarak ifade edilebilir.<\/p>\n<p>Elbette, belirgin farklar\u0131, klasik karayolu ya da demiryolu ta\u015f\u0131mac\u0131l\u0131\u011f\u0131na g\u00f6re, belirgin farklar\u0131 bulunmaktad\u0131r. Daha h\u0131zl\u0131 i\u015flem s\u00fcresi, istenilen noktaya malzemenin ya da g\u00f6nderilen \u00fcr\u00fcn\u00fcn daha h\u0131zl\u0131 bir \u015fekilde ula\u015fmas\u0131, tercih edilmesinin temel nedenleri aras\u0131nda bulunmaktad\u0131r.<\/p>\n<p>G\u00fcn\u00fcm\u00fczde bu kapsamda hizmet veren \u015firketlere bak\u0131ld\u0131\u011f\u0131nda, farkl\u0131 \u00fclkelere, uluslar aras\u0131 ta\u015f\u0131mac\u0131l\u0131k anlay\u0131\u015f\u0131na hakim bir i\u015flemin sergilendi\u011fi g\u00f6r\u00fclebilmektedir. Baz\u0131 i\u015fletmelerin, yedi k\u0131tada, d\u00fcnyan\u0131n t\u00fcm hava limanlar\u0131na u\u00e7aklar\u0131n\u0131 g\u00f6nderdi\u011fi, her noktaya hizmet g\u00f6t\u00fcrd\u00fc\u011f\u00fc, bilinen bir ger\u00e7e\u011fi i\u015faret etmektedir.<\/p>\n<p>B\u00fcy\u00fck lojistik firmalar\u0131 bu kapsamda vermi\u015f oldu\u011fu hizmetler ile havayolu ta\u015f\u0131mac\u0131l\u0131\u011f\u0131n\u0131 en \u00fcst noktaya ula\u015ft\u0131rm\u0131\u015ft\u0131r.<\/p>\n<p>H\u0131zl\u0131 \u00e7\u00f6z\u00fcmler, ekonomik \u00e7\u00f6z\u00fcmler, kaliteli \u00e7\u00f6z\u00fcmler, pratik \u00e7\u00f6z\u00fcmler, avantajlar, havayolu anlay\u0131\u015f\u0131 ile kullan\u0131c\u0131lar\u0131n, ihtiya\u00e7 sahiplerinin kar\u015f\u0131s\u0131na \u00e7\u0131kar\u0131lm\u0131\u015f ve kap\u0131dan kap\u0131ya hizmet anlay\u0131\u015f\u0131 da, havayolu ta\u015f\u0131mac\u0131l\u0131\u011f\u0131 sistemi ile birle\u015ftirilmi\u015ftir.<\/p>\n<h2><span id=\"Havayolu_Tasimaciliginda_Yuk_Cesitleri_Nelerdir\" class=\"ez-toc-section\"><\/span><br><strong>Havayolu Ta\u015f\u0131mac\u0131l\u0131\u011f\u0131nda Y\u00fck \u00c7e\u015fitleri Nelerdir?<\/strong><\/h2>\n<p>Havayolu ta\u015f\u0131mac\u0131l\u0131\u011f\u0131 anlay\u0131\u015f\u0131na bak\u0131ld\u0131\u011f\u0131nda, her t\u00fcrl\u00fc mal ve her t\u00fcrl\u00fc \u00fcr\u00fcn, \u015feklinde bir tan\u0131mlaman\u0131n yap\u0131ld\u0131\u011f\u0131n\u0131 g\u00f6rmek m\u00fcmk\u00fcnd\u00fcr. Genel anlamda,&nbsp;<em><strong>havayolu ta\u015f\u0131mac\u0131l\u0131\u011f\u0131 ve y\u00fck \u00e7e\u015fitleri nelerdir?<\/strong><\/em>&nbsp;Sorusunun kar\u015f\u0131l\u0131\u011f\u0131nda, istenilen bir \u00fcr\u00fcn\u00fcn, istenilen zamanda al\u0131c\u0131 ile bulu\u015fturulmas\u0131 \u015feklinde bir cevap kar\u015f\u0131n\u0131za \u00e7\u0131kabilir. Ba\u015fl\u0131klar halinde hizmet se\u00e7enekleri s\u0131ralanacak ise, \u015fu ifadeleri kullan\u0131lmas\u0131 m\u00fcmk\u00fcn olacakt\u0131r;<\/p>\n<p><\/p>\n<ul>\n<li>Her t\u00fcrl\u00fc proje ta\u015f\u0131mac\u0131l\u0131\u011f\u0131.<\/li>\n<li>Her t\u00fcrl\u00fc \u0130thalat ve ihracat \u00fcr\u00fcnlerinin ta\u015f\u0131nmas\u0131.<\/li>\n<li>Havayolu ile cenaze ta\u015f\u0131mac\u0131l\u0131\u011f\u0131.<\/li>\n<li>Konsolide kargo ta\u015f\u0131mac\u0131l\u0131\u011f\u0131.<\/li>\n<li>Transit y\u00fckleme sistemi ta\u015f\u0131mac\u0131l\u0131\u011f\u0131.<\/li>\n<li>Havaleli \u00f6zel ta\u015f\u0131ma sistemleri.<\/li>\n<li>Her t\u00fcrl\u00fc tehlikeli madde ta\u015f\u0131mac\u0131l\u0131\u011f\u0131.<\/li>\n<li>\u0130mal edilen, olu\u015fturulan her t\u00fcrl\u00fc \u00fcr\u00fcn\u00fcn ta\u015f\u0131mac\u0131l\u0131\u011f\u0131.<\/li>\n<li>De\u011ferli evrak ta\u015f\u0131mac\u0131l\u0131\u011f\u0131.<\/li>\n<li>De\u011ferli emtia ta\u015f\u0131mac\u0131l\u0131\u011f\u0131.<\/li>\n<li>De\u011fersiz evrak ta\u015f\u0131mac\u0131l\u0131\u011f\u0131.<\/li>\n<\/ul>\n<h3><span id=\"Havayolu_Tasimaciliginin_Gelecegi\" class=\"ez-toc-section\"><\/span><br><strong>Havayolu Ta\u015f\u0131mac\u0131l\u0131\u011f\u0131n\u0131n Gelece\u011fi<\/strong><\/h3>\n<p>Havayolu ta\u015f\u0131mac\u0131l\u0131\u011f\u0131, g\u00fcn\u00fcm\u00fcz ihtiya\u00e7lar\u0131 kapsam\u0131nda, her ge\u00e7en g\u00fcn kendini yenilemekte ve farkl\u0131 \u00fclkeler aras\u0131nda ta\u015f\u0131mac\u0131l\u0131k sistemini de ge\u00e7erli hale getirmektedir. Klasik anlamda; yurt i\u00e7inde, herhangi bir \u00fclkede, yurt i\u00e7i ta\u015f\u0131mac\u0131l\u0131kta kullan\u0131lan sistem olarak d\u00fc\u015f\u00fcn\u00fcl\u00fcyor olsa da, g\u00fcn\u00fcm\u00fcz \u0130thalat ve ihracat potansiyeli incelendi\u011finde,&nbsp;<em><strong>havayolu ta\u015f\u0131mac\u0131l\u0131\u011f\u0131n\u0131n gelece\u011fi<\/strong><\/em>&nbsp;daha etkili bir \u015fekilde g\u00f6zler \u00f6n\u00fcne \u00e7\u0131kmaktad\u0131r.<\/p>\n<p>D\u00fcnyan\u0131n herhangi bir \u00fclkesinde \u00fcretilen bir \u00fcr\u00fcn\u00fcn ya da pazarlamak istenen bir \u00fcr\u00fcn\u00fcn ya da herhangi bir b\u00f6lgeye, herhangi bir \u00fclkeye, g\u00f6nderilmek istenen bir paketin, h\u0131zl\u0131 ve s\u00fcratli bir \u015fekilde g\u00f6nderilmesinde, \u00f6ne \u00e7\u0131kan ta\u015f\u0131mac\u0131l\u0131k sistemi, bug\u00fcn oldu\u011fu gibi, gelecekte de havayolu ta\u015f\u0131mac\u0131l\u0131\u011f\u0131 olacakt\u0131r.<\/p>\n<p>Daha h\u0131zl\u0131 ta\u015f\u0131mac\u0131l\u0131k, daha ekonomik ta\u015f\u0131mac\u0131l\u0131k, daha kaliteli ta\u015f\u0131mac\u0131l\u0131k, daha avantajl\u0131 ta\u015f\u0131mac\u0131l\u0131k anlay\u0131\u015f\u0131n\u0131n her ge\u00e7en g\u00fcn geli\u015fti\u011fi g\u00f6r\u00fclmektedir.&nbsp;<\/p>\n<p>Havayolu ta\u015f\u0131mac\u0131l\u0131\u011f\u0131, havaalanlar\u0131ndan havaalanlar\u0131na, kap\u0131dan kap\u0131ya, h\u0131zl\u0131, g\u00fcvenli teslimat ilkeleri dahilinde geli\u015fim g\u00f6stermekte olup, bu sekt\u00f6r\u00fcn \u00f6n\u00fcnde bulunan \u015fey, zaman h\u0131z kavram\u0131 olacakt\u0131r.<\/p>\n<p>Bir u\u00e7a\u011f\u0131n ya da t\u00fcm havayollar\u0131n\u0131n u\u00e7abildi\u011fi her noktaya, hizmet g\u00f6t\u00fcrme prensibinin h\u0131zl\u0131 bir geli\u015fim g\u00f6sterdi\u011fi d\u00fcnyada havayolu ta\u015f\u0131mac\u0131l\u0131\u011f\u0131, \u00fcst\u00fcn bir \u00f6zellik olarak \u00fcst\u00fcn bir kargoculuk hizmeti olarak \u00f6n plana \u00e7\u0131kmaktad\u0131r.<\/p>\n<p>T\u00fcrkiye \u00fczerinden \u00fcretilen herhangi bir \u00fcr\u00fcn\u00fcn, yedi k\u0131ta da farkl\u0131 \u00fclkelere g\u00f6t\u00fcr\u00fclmesi, herhangi bir \u00fclkede \u00fcretilen bir \u00fcr\u00fcn\u00fcn, T\u00fcrkiye\u2019ye saatler ile ya da uzak seviyelerde maksimum g\u00fcnl\u00fck anlay\u0131\u015flar ile teslim edilmesi, bu sekt\u00f6r\u00fcn geli\u015fim s\u00fcrecini h\u0131zland\u0131rmaktad\u0131r. Elbette deniz ula\u015f\u0131m\u0131, elbette kara ula\u015f\u0131m\u0131 g\u00fcn\u00fcm\u00fczde en fazla tercih edilen se\u00e7enek olabilir.<\/p>\n<p>Ancak, h\u0131zl\u0131 teslimat, s\u00fcratli teslimat anlay\u0131\u015f\u0131 g\u00fcndeme getirildi\u011finde, bu sekt\u00f6r\u00fcn \u00f6n\u00fcnde bulunan potansiyelin b\u00fcy\u00fckl\u00fc\u011f\u00fc, daha net bir \u015fekilde anla\u015f\u0131lacakt\u0131r.<\/p>\n<p>Tercih her ge\u00e7en g\u00fcn y\u00fckselmek ile birlikte, \u00fcr\u00fcn tedarik\u00e7ilerinin ya da \u00fcr\u00fcn ihtiya\u00e7 sahiplerinin beklentileri, \u00fcr\u00fcn\u00fcn kalitesi ve ekonomikli\u011finden ziyade, ayn\u0131 standartlarda \u00fcretilen ve sat\u0131lan \u00fcr\u00fcnlerin, daha h\u0131zl\u0131 bir \u015fekilde ihtiya\u00e7 sahiplerine kavu\u015fturulmas\u0131d\u0131r. Bu y\u00fczden herhangi bir i\u015fletme sahibi iseniz ya da herhangi bir \u015fah\u0131s olarak bir yerden \u00fcr\u00fcn almay\u0131 d\u00fc\u015f\u00fcn\u00fcyor veya g\u00f6ndermeyi d\u00fc\u015f\u00fcn\u00fcyor iseniz, \u00f6nce&nbsp;<em><strong>havayolu ta\u015f\u0131mac\u0131l\u0131\u011f\u0131 nedir?<\/strong><\/em>&nbsp;Nas\u0131l yap\u0131l\u0131r? Hangi \u00fclkelerde ge\u00e7erlidir ya da hangi mesafeler de ge\u00e7erlidir? Gibi sorular hakk\u0131nda profesyonel i\u015fletmelere ba\u015fvuru yap\u0131p, dan\u0131\u015fmanl\u0131k hizmeti alman\u0131z tavsiye edilen bir uygulamad\u0131r.<\/p>\t\t\t\t\t\t<\/div>\n\t\t\t\t<\/div>\n\t\t\t\t\t<\/div>\n\t\t<\/div>\n\t\t\t\t\t\t\t<\/div>\n\t\t<\/section>\n\t\t\t\t\t\t\t<\/div>\n\t\t","protected":false},"excerpt":{"rendered":"<p>Hava Yolu Ta\u015f\u0131mac\u0131l\u0131\u011f\u0131 Nedir? Ta\u015f\u0131mac\u0131l\u0131k ya da kargo anlay\u0131\u015f\u0131, bilindi\u011fi \u00fczere, herhangi bir \u00fcr\u00fcn\u00fcn herhangi bir malzemenin, istenilen bir yerden al\u0131nmas\u0131, istenilen di\u011fer bir noktaya, yine istenilen zamanda, sa\u011fl\u0131kl\u0131 ko\u015fullarda teslim edilmesi anlam\u0131na gelmektedir.G\u00fcn\u00fcm\u00fczde bu alanda hizmet veren bir\u00e7ok i\u015fletme bulunmak ile birlikte, kargo ifadesi kullan\u0131ld\u0131\u011f\u0131nda genelde akla, klasik kargo \u015firketleri gelmektedir. Bir \u00fcr\u00fcn teslim [&hellip;]<\/p>\n","protected":false},"author":1,"featured_media":0,"parent":0,"menu_order":0,"comment_status":"closed","ping_status":"closed","template":"","meta":[],"_links":{"self":[{"href":"https:\/\/oznakgroup.com.tr\/index.php\/wp-json\/wp\/v2\/pages\/165"}],"collection":[{"href":"https:\/\/oznakgroup.com.tr\/index.php\/wp-json\/wp\/v2\/pages"}],"about":[{"href":"https:\/\/oznakgroup.com.tr\/index.php\/wp-json\/wp\/v2\/types\/page"}],"author":[{"embeddable":true,"href":"https:\/\/oznakgroup.com.tr\/index.php\/wp-json\/wp\/v2\/users\/1"}],"replies":[{"embeddable":true,"href":"https:\/\/oznakgroup.com.tr\/index.php\/wp-json\/wp\/v2\/comments?post=165"}],"version-history":[{"count":0,"href":"https:\/\/oznakgroup.com.tr\/index.php\/wp-json\/wp\/v2\/pages\/165\/revisions"}],"wp:attachment":[{"href":"https:\/\/oznakgroup.com.tr\/index.php\/wp-json\/wp\/v2\/media?parent=165"}],"curies":[{"name":"wp","href":"https:\/\/api.w.org\/{rel}","templated":true}]}}