{"id":1611,"date":"2023-01-19T19:57:37","date_gmt":"2023-01-19T19:57:37","guid":{"rendered":"https:\/\/oznakgroup.com.tr\/?page_id=1611"},"modified":"2023-01-19T20:00:58","modified_gmt":"2023-01-19T20:00:58","slug":"finlandiya-nakliye","status":"publish","type":"page","link":"https:\/\/oznakgroup.com.tr\/index.php\/finlandiya-nakliye\/","title":{"rendered":"Finlandiya Nakliye"},"content":{"rendered":"\t\t<div data-elementor-type=\"wp-page\" data-elementor-id=\"1611\" class=\"elementor elementor-1611\">\n\t\t\t\t\t\t\t\t\t<section class=\"elementor-section elementor-top-section elementor-element elementor-element-8222064 elementor-section-boxed elementor-section-height-default elementor-section-height-default tf-sticky-section tf-sticky-no\" data-id=\"8222064\" data-element_type=\"section\" data-settings=\"{&quot;tf_sticky&quot;:&quot;no&quot;}\">\n\t\t\t\t\t\t<div class=\"elementor-container elementor-column-gap-default\">\n\t\t\t\t\t<div class=\"elementor-column elementor-col-100 elementor-top-column elementor-element elementor-element-bcdaee0\" data-id=\"bcdaee0\" data-element_type=\"column\">\n\t\t\t<div class=\"elementor-widget-wrap elementor-element-populated\">\n\t\t\t\t\t\t\t\t<div class=\"elementor-element elementor-element-448cbd9 elementor-widget elementor-widget-text-editor\" data-id=\"448cbd9\" data-element_type=\"widget\" data-widget_type=\"text-editor.default\">\n\t\t\t\t<div class=\"elementor-widget-container\">\n\t\t\t<style>\/*! elementor - v3.13.3 - 22-05-2023 *\/\n.elementor-widget-text-editor.elementor-drop-cap-view-stacked .elementor-drop-cap{background-color:#69727d;color:#fff}.elementor-widget-text-editor.elementor-drop-cap-view-framed .elementor-drop-cap{color:#69727d;border:3px solid;background-color:transparent}.elementor-widget-text-editor:not(.elementor-drop-cap-view-default) .elementor-drop-cap{margin-top:8px}.elementor-widget-text-editor:not(.elementor-drop-cap-view-default) .elementor-drop-cap-letter{width:1em;height:1em}.elementor-widget-text-editor .elementor-drop-cap{float:left;text-align:center;line-height:1;font-size:50px}.elementor-widget-text-editor .elementor-drop-cap-letter{display:inline-block}<\/style>\t\t\t\t<h2>Finlandiya Nakliye Hizmetlerimiz<\/h2>\n<p>Finlandiya nakliye hizmetleri K\u00f6kl\u00fc bir ge\u00e7mi\u015fe sahip olan nakliye hizmetinin en eski nakliye t\u00fcrlerinden biri parsiyel nakliye hizmetidir. Parsiyel nakliye, bir konteyner i\u00e7inde farkl\u0131 m\u00fc\u015fterilere ait \u00fcr\u00fcnlerin ayn\u0131 g\u00fczerg\u00e2ha gitmesidir. Parsiyel nakliye hizmeti teknoloji ile beraber daha \u00e7ok geli\u015fmi\u015ftir. Bununla beraber ya\u015fanabilecek bir\u00e7ok s\u0131k\u0131nt\u0131y\u0131 bertaraf etmi\u015ftir.<\/p>\n<p>\u00d6znak GROUP firmas\u0131 olarak, lojisti\u011fe dair t\u00fcm geli\u015fmeleri yak\u0131ndan takip ediyor ve m\u00fc\u015fterilerimize son kalite nakliye hizmeti veriyoruz. Parsiyel nakliye hizmetlerinde de son kalite nakliye hizmeti vermekteyiz.<\/p>\n<p>Parsiyel nakliye hizmeti m\u00fc\u015fterilerimizin bir\u00e7ok a\u00e7\u0131dan avantajl\u0131 \u00e7\u0131kt\u0131\u011f\u0131 nakliye hizmeti oldu\u011fu i\u00e7in m\u00fc\u015fterilerimizce de \u00e7ok fazla tercih edilmektedir. Bu avantajlar;<\/p>\n<ul>\n<li>Parsiyel nakliye hizmetimizde m\u00fc\u015fterilerimiz \u00fcr\u00fcnlerinin ebatlar\u0131 ve hacimleri kadar alan kiralarlar. B\u00fct\u00fcn t\u0131r\u0131 kiralamak zorunda kalmazlar. Bu sayede \u00fccret \u00f6demeleri de kiralad\u0131klar\u0131 alan kadar oldu\u011fundan mali tasarruf sa\u011flarlar.<\/li>\n<li>Ayn\u0131 g\u00fczerg\u00e2ha giden di\u011fer \u00fcr\u00fcnlerle birlikte hareket etti\u011fi i\u00e7in m\u00fc\u015fterilerimiz fazla beklemek zorunda kalmaz ve zamandan tasarruf ederler.<\/li>\n<li>M\u00fc\u015fterilerimiz Par\u00e7a nakliye hizmeti ile belli periyotlarda d\u00fczenli nakliye hizmeti imk\u00e2n\u0131m\u0131zdan faydalanmaktad\u0131rlar.<\/li>\n<li>\u00dcr\u00fcnler \u00f6zelliklerine g\u00f6re t\u0131rlara yerle\u015ftirilir, koruma alt\u0131na al\u0131n\u0131r, \u00f6zel ekip ve ekipmanlar\u0131m\u0131z ile g\u00f6zetim alt\u0131nda ve kaliteli bir \u015fekilde muhafaza edilerek teslim adresine ula\u015ft\u0131r\u0131l\u0131r.<\/li>\n<\/ul>\n<p><span style=\"letter-spacing: 0px;\">\u00d6znak GROUP<\/span>&nbsp;firmas\u0131 olarak, hem \u015fehirleraras\u0131 hem de uluslararas\u0131 parsiyel nakliye hizmeti vermekteyiz. Bu alanda uluslararas\u0131 nakliye de&nbsp;<strong>Finlandiya parsiyel nakliye<\/strong>&nbsp;<strong>hizmetlerimiz<\/strong>&nbsp;de mevcuttur.<\/p>\n<h2><span><\/span>T\u00fcrkiye Finlandiya Ba\u015flang\u0131\u00e7 G\u00fczerg\u00e2hlar\u0131<\/h2>\n<p>T\u00fcrkiye ticari ili\u015fkilerinde neredeyse b\u00fct\u00fcn Avrupa \u00fclkeleriyle kar\u015f\u0131l\u0131kl\u0131 ili\u015fki i\u00e7erisindedir. Bu durum beraberinde devaml\u0131 ithalat ve ihracat hizmetini do\u011furmaktad\u0131r. Ticari ili\u015fkilerden do\u011fan nakliye hizmetini \u00d6znak GROUP&nbsp;firmam\u0131zla Avrupa standartlar\u0131na uygun, kaliteli hizmet alman\u0131z m\u00fcmk\u00fcnd\u00fcr.<\/p>\n<p>T\u00fcrkiye\u2019nin ticari ili\u015fkiler i\u00e7erinde oldu\u011fu \u00fclkelerden biri Finlandiya\u2019d\u0131r. Finlandiya ile ticari ili\u015fkileri uzun bir ge\u00e7mi\u015fe dayanan \u00fclkemiz, ticaret ili\u015fkilerini en fazla karayolu ve denizyolu g\u00fczerg\u00e2h\u0131 \u00fczerinden yapmaktad\u0131r. Bir\u00e7ok deniz liman\u0131na sahip olan Finlandiya, denizyolu nakliye hizmetini daha fazla almaktad\u0131r. \u00d6znak GROUP&nbsp;firmas\u0131 olarak son teknoloji ara\u00e7lar\u0131m\u0131z, profesyonel ekip ve bu alanda gerekli ekipmanlar\u0131m\u0131zla nakliye hizmetinde son kalitede hizmet vermekteyiz.<\/p>\n<p>Firma olarak, en i\u015flek kulland\u0131\u011f\u0131m\u0131z ba\u015flang\u0131\u00e7 g\u00fczerg\u00e2h\u0131 \u0130stanbul\u2019da bulunan limanlar\u0131m\u0131zd\u0131r. Uluslararas\u0131 nakliye hizmetinde&nbsp;<strong>T\u00fcrkiye Finlandiya ba\u015flang\u0131\u00e7 g\u00fczerg\u00e2hlar\u0131<\/strong>&nbsp;\u0130stanbul, Mersin, Gaziantep, Adana, Ankara gibi illerimiz ba\u015fta olmak \u00fczere bir\u00e7ok ilimizden nakliye ara\u00e7lar\u0131m\u0131z kalkmaktad\u0131r. Finlandiya\u2019n\u0131n ba\u015fkenti Helsinki ve di\u011fer liman kentleri olan Hanko, Kemi, Kotka, Mariehamn, Oulu, Pori, Porvoo, Rauma, Turku, Vaasa limanlar\u0131na nakliye hizmeti vermekteyiz. Bunun yan\u0131nda di\u011fer \u015fehirlerine de \u00fcr\u00fcn teslimat\u0131 yapmaktay\u0131z.<\/p>\n<p>Nakliye hizmetimizde ba\u015flang\u0131\u00e7 g\u00fczerg\u00e2h\u0131 ve var\u0131\u015f g\u00fczerg\u00e2h\u0131 nakliyesi yap\u0131lan \u00fcr\u00fcn ve m\u00fc\u015fteri talebine g\u00f6re farkl\u0131l\u0131k arz etmektedir. T\u00fcrkiye Finlandiya aras\u0131 nakliye hizmetimizde \u00fcr\u00fcn cinsine ve ta\u015f\u0131ma y\u00f6ntemlerine g\u00f6re i\u015flek limanlar\u0131m\u0131z aras\u0131ndan ba\u015flang\u0131\u00e7 g\u00fczerg\u00e2h\u0131n\u0131 belirleyip en iyi ta\u015f\u0131ma y\u00f6ntemleriyle var\u0131\u015f g\u00fczerg\u00e2h\u0131na ula\u015ft\u0131rmaktay\u0131z.<\/p>\n<h2>Finlandiya Nakliye Operasyon S\u00fcreci<\/h2>\n<p>Nakliyat hizmetinde firmalar\u0131 birbirinden ay\u0131ran en \u00f6nemli etken nakliye s\u00fcrecidir. Nakliye hizmetinin sa\u011fl\u0131kl\u0131 ger\u00e7ekle\u015febilmesi i\u00e7in ba\u015f\u0131ndan sonuna kadar izlenilecek yol \u00e7ok \u00f6nemledir. Ba\u015f\u0131nda ve sonunda dahi \u00e7\u0131kabilecek bir problem b\u00fct\u00fcn s\u00fcrecin titizlikle ge\u00e7irilmesini dahi bo\u015fa \u00e7\u0131karabilmektedir. Bu durumda m\u00fc\u015fteri ma\u011fduriyeti ya\u015fan\u0131r ve her iki tarafta zarara u\u011fram\u0131\u015f olur.<\/p>\n<p><span style=\"letter-spacing: 0px;\">\u00d6znak GROUP&nbsp;<\/span>firmas\u0131 olarak, m\u00fc\u015fterilerimizin nakliyat s\u00fcrecinde herhangi bir ma\u011fduriyet ya\u015famamas\u0131 i\u00e7in i\u015flemlerin ba\u015f\u0131ndan sonuna kadar \u00f6zenle \u00e7al\u0131\u015fmaktay\u0131z. Bu alanda profesyonel ekiplerle \u00e7al\u0131\u015f\u0131p son teknoloji \u00fcr\u00fcnler kullanmaktay\u0131z. Ekiplerimizin koordineli ve sistemli \u00e7al\u0131\u015fmas\u0131n\u0131n yan\u0131 s\u0131ra teknolojiyi etkin ve etkili kullanmas\u0131 ile \u00fcr\u00fcnler al\u0131nd\u0131\u011f\u0131 ilk andan, teslim s\u00fcrecine kadar herhangi bir s\u0131k\u0131nt\u0131 ya\u015famadan g\u00fcvenli nakliyat s\u00fcreci ge\u00e7irmektedir.<\/p>\n<p><strong>Finlandiya nakliye operasyon s\u00fcreci<\/strong>&nbsp;i\u00e7erisinde m\u00fc\u015fterilerimiz ile kar\u015f\u0131l\u0131kl\u0131 g\u00f6r\u00fc\u015fmeler neticesinde \u00fcr\u00fcn cinsine g\u00f6re ara\u00e7 belirleyip, profesyonel ekiplerimizce yerle\u015ftirilmesi yap\u0131lmaktad\u0131r. Yerle\u015ftirilen \u00fcr\u00fcnler ta\u015f\u0131d\u0131klar\u0131 \u00f6zellikler baz al\u0131narak g\u00fcvenlik tedbirleri al\u0131n\u0131r ve ara\u00e7 i\u00e7i ve d\u0131\u015f\u0131 olabilecek s\u0131k\u0131nt\u0131lara kar\u015f\u0131 muhafaza edilir. Yol s\u00fcrecinde \u00fcr\u00fcnler ayn\u0131 \u015fekilde muhafaza edilip edilmedi\u011fine dair s\u0131k s\u0131k kontrol edilir, herhangi bir sars\u0131nt\u0131 veya olumsuz mevsimsel etkilere kar\u015f\u0131 tedbirler al\u0131n\u0131r ve m\u00fc\u015fterilerimiz bu s\u00fcre\u00e7te \u00fcr\u00fcnlerinin takiplerini yapabilirler.<\/p>\n<p><span style=\"letter-spacing: 0px;\">\u00d6znak GROUP<\/span>&nbsp;olarak, \u00fcr\u00fcnlerin \u00e7\u0131k\u0131\u015f ve teslim s\u00fcreleri en ba\u015fta belirleyerek, \u00fcr\u00fcnleri ald\u0131\u011f\u0131m\u0131z ilk hali ile herhangi bir deformasyona u\u011framdan tam vaktinde teslim adresine ula\u015ft\u0131rmaktay\u0131z.<\/p>\n<h2><span><\/span>T\u00fcrkiye Finlandiya Nakliye Gerekli Evraklar<\/h2>\n<p>Uluslararas\u0131 nakliye hizmetinde nakliyat i\u015flemlerin ger\u00e7ekle\u015febilmesi i\u00e7in belirli evraklara ihtiya\u00e7 vard\u0131r. Bu evraklar sayesinde \u00fclkelerden \u00e7\u0131kan \u00fcr\u00fcnler veya \u00fclkelere girecek \u00fcr\u00fcnler herhangi bir s\u0131k\u0131nt\u0131 ya\u015famadan g\u00fcvenle teslimat\u0131 yap\u0131lmaktad\u0131r. Ayn\u0131 zamanda bu evraklar sayesinde \u00fclkeye giren ve \u00e7\u0131kan \u00fcr\u00fcnlerin takipleri de yap\u0131lmaktad\u0131r.<\/p>\n<p>Nakliye hizmeti yap\u0131l\u0131rken bir\u00e7ok evrak gereklidir. Bunlar y\u00fcke dair evraklar, araca dair evraklar, ta\u015f\u0131yacak \u015fof\u00f6re dair evraklar olmak \u00fczere \u00fc\u00e7 ana ba\u015fl\u0131kta olu\u015fmaktad\u0131r.&nbsp;<strong>Ancak T\u00fcrkiye Finlandiya nakliye i\u00e7in gerekli evraklar:<\/strong><\/p>\n<ul>\n<li>K1 Yetki Belgesi,<\/li>\n<li>SRC Belgesi, (yurt i\u00e7i SRC4 Belgesi, hem yurt i\u00e7i hem de uluslararas\u0131 y\u00fck ta\u015f\u0131mac\u0131l\u0131\u011f\u0131 i\u00e7inseSRC3 Belgesi)<\/li>\n<li>Psiko teknik Raporu\u2019na sahip s\u00fcr\u00fcc\u00fc ve \u015firketler nakliye i\u015flemlerine elveri\u015fli s\u00fcr\u00fcc\u00fc ve \u015firketler demektir, bunlarla g\u00fcvenle yolculuk yapabilirler.<\/li>\n<\/ul>\n<p><span style=\"letter-spacing: 0px;\">\u00d6znak GROUP<\/span>&nbsp;firmas\u0131 olarak, nakliye s\u00fcrecinde nakliye hizmeti yapt\u0131\u011f\u0131m\u0131z her firmayla prosed\u00fcrlere uygun \u00e7al\u0131\u015fmaktay\u0131z. Bu sayede herhangi bir s\u0131k\u0131nt\u0131 ya\u015famadan g\u00fcvenle nakliye hizmetini ger\u00e7ekle\u015ftirmekteyiz.<\/p>\n<p>Nakliye s\u00fcrecinde y\u00fcklere dair gerekli evraklar temin edilir ve \u00f6zenle haz\u0131rlan\u0131r. B\u00fcnyemizde bulunan \u015fof\u00f6rlerimiz nakliye y\u00fcklerinin ta\u015f<a href=\"https:\/\/www.sahlojistik.com\/\" data-type=\"URL\" data-id=\"https:\/\/www.sahlojistik.com\/\">\u0131<\/a>nmas\u0131na dair ehil olduklar\u0131n\u0131 tescilleyen gerekli evraklara sahiptir ve her t\u00fcrl\u00fc prosed\u00fcre uygun hareket ederler. Nakliyat hizmeti i\u00e7in gerekli b\u00fct\u00fcn evraklara sahip olmam\u0131z dolay\u0131s\u0131yla, Finlandiya ba\u015fta olmak \u00fczere nakliye hizmeti sundu\u011fumuz her \u00fclkeye s<a href=\"http:\/\/sahlojistik.com\/\" target=\"_blank\" rel=\"noopener\" data-type=\"URL\" data-id=\"sahlojistik.com\">\u0131<\/a>k\u0131nt\u0131s\u0131z nakliyat hizmeti vermekteyiz. Bu s\u00fcre\u00e7te g\u00fcven kaliteli hizmet ya\u015faman\u0131n en do\u011fru adresi firmam\u0131zd\u0131r.<\/p>\n<h2><span><\/span>Finlandiya Nakliye\u2019de G\u00fczergah ve Transit S\u00fcre Nas\u0131ld\u0131r?<\/h2>\n<p>Nakliye hizmetinde g\u00fczerg\u00e2h, nakliyesi yap\u0131lan \u00fcr\u00fcn\u00fcn var\u0131\u015f s\u00fcresini ve en g\u00fcvenli ula\u015f\u0131m \u015feklini belirlemektedir. Bir \u00fclkeden ba\u015fka bir \u00fclkeye ta\u015f\u0131nan \u00fcr\u00fcn ba\u015fka bir \u00fclkeni s\u0131n\u0131rlar\u0131 d\u00e2hilinde ge\u00e7irildi\u011fi zaman bu transit ta\u015f\u0131ma olmaktad\u0131r.<\/p>\n<p><span style=\"letter-spacing: 0px;\">\u00d6znak GROUP<\/span>&nbsp;firmas\u0131 olarak, transit ta\u015f\u0131ma s\u00fcrecinde, m\u00fc\u015fterilerimize verdi\u011fimiz nakliye hizmetinin her alan\u0131nda g\u00f6sterdi\u011fimiz \u00f6zen ve hassasiyeti ayn\u0131 \u015fekilde g\u00f6stermekteyiz. \u00dclke olarak bulundu\u011fumuz co\u011frafi konum itibari ile bir\u00e7ok \u00fclkeye yapt\u0131\u011f\u0131m\u0131z nakliye hizmeti transit ta\u015f\u0131mac\u0131l\u0131\u011f\u0131 \u015feklinde ger\u00e7ekle\u015fmektedir.&nbsp;<strong>Finlandiya nakliye \u2019de g\u00fczerg\u00e2h ve transit s\u00fcre nas\u0131ld\u0131r?<\/strong>&nbsp;sorusuna cevap ,\u00dclkemizde kulland\u0131\u011f\u0131m\u0131z en i\u015flek transit ta\u015f\u0131mac\u0131l\u0131\u011f\u0131n\u0131n yap\u0131ld\u0131\u011f\u0131 liman Mersin liman\u0131d\u0131r. Bu liman \u00fczerinden transit ta\u015f\u0131mac\u0131l\u0131k ger\u00e7ekle\u015ftirmekteyiz. Finlandiya transit nakliye hizmetinde ba\u015flang\u0131\u00e7 g\u00fczerg\u00e2h\u0131 Manisa\u2019d\u0131r. Transit nakliye i\u015flemleri \u00e7ok uzun s\u00fcrmeden, belirlenen s\u00fcre i\u00e7erisinde ger\u00e7ekle\u015fmektedir.<\/p>\n<p>\u00dcr\u00fcnleriniz transit nakliye hizmetiyle g\u00fcvenli ve tecr\u00fcbeli ekiplerimiz sayesinde \u00fc\u00e7\u00fcnc\u00fc bir \u00fclke \u00fczerinden g\u00fcvenle gelmektedir. \u00dcr\u00fcnlerin ta\u015f\u0131nmas\u0131 ve yerle\u015ftirilmesi esnas\u0131nda ekiplerimiz son derece \u00f6zenle \u00e7al\u0131\u015f\u0131lmaktad\u0131r.<\/p>\n<p><span style=\"letter-spacing: 0px;\">\u00d6znak GROUP<\/span>&nbsp;firmas\u0131 olarak, bu s\u00fcre\u00e7te \u00fcr\u00fcnlerin en k\u0131sa zamanda herhangi bir s\u0131k\u0131nt\u0131 veya deformasyon ya\u015famadan g\u00fcvenle ta\u015f\u0131nmas\u0131 hizmetini vermekteyiz. Sizler de transit i\u015flemleriniz de g\u00fcvenli ve kaliteli nakliye hizmeti almak i\u00e7in deneyimli ve profesyonel ekiplerimizi tercih ederek \u00d6znak GROUP&nbsp;firmam\u0131z ile \u00e7al\u0131\u015fma imk\u00e2n\u0131na sahip olabilirsiniz. Bu alanda sundu\u011fumuz deneyim ve tecr\u00fcbeyle nakliye sekt\u00f6r\u00fcnde en kaliteli hizmeti vermekteyiz.<\/p>\n<h2>Finlandiya Nakliye Hizmeti Sundu\u011fumuz \u015eehirlerimiz<\/h2>\n<p>\u00dclke olarak hem ihracatta hem de ithalatta geli\u015fmi\u015f ve aktif bir ticaret a\u011f\u0131na sahip bir \u00fclkeyiz. Bu durum ticari hacmimizi geni\u015fletmektedir ve ticaret alan\u0131nda bir\u00e7ok hizmet alma ve verme potansiyelini y\u00fckseltmi\u015ftir. \u00dclkemizde ticaret a\u011f\u0131n\u0131n bu denli geni\u015f olmas\u0131, bir\u00e7ok ticari merkezin olu\u015fmas\u0131nda da etkili olmu\u015ftur. T\u00fcrkiye\u2019nin bir\u00e7ok ilinde geni\u015f uluslararas\u0131 ticaret a\u011f\u0131 olu\u015fmu\u015ftur. Bu ticaret merkezlerin ba\u015f\u0131nda \u0130stanbul, Mersin, Gaziantep, Adana, \u0130zmir, Ankara gibi b\u00fcy\u00fck \u015fehirler gelmektedir.<\/p>\n<p>Ticari merkez g\u00f6revi ta\u015f\u0131yan her \u015fehir bulundu\u011fu \u00f6zeliklere g\u00f6re ta\u015f\u0131ma g\u00f6revi almaktad\u0131r. Denize k\u0131y\u0131s\u0131n\u0131n olmas\u0131, ba\u015fkent olmas\u0131, demir yolu \u00fczerinde olmas\u0131 vb. bir\u00e7ok unsur o b\u00f6lgelerde liman kurulmas\u0131n\u0131 sa\u011flam\u0131\u015ft\u0131r. Uluslararas\u0131 nakliye hizmeti daha \u00e7ok bu b\u00fcy\u00fck \u015fehir b\u00fcy\u00fck limanlar \u00fczerinden yap\u0131lmaktad\u0131r.<\/p>\n<p>Ayn\u0131 zamanda bu \u015fehirler&nbsp;<strong>Finlandiya nakliye hizmeti sundu\u011fumuz \u015fehirlerimiz<\/strong>&nbsp;\u00fczerinde ba\u015flang\u0131\u00e7 g\u00fczergah\u0131 olarak baz al\u0131nmaktad\u0131r. Firma olarak, en s\u0131k kulland\u0131\u011f\u0131m\u0131z limanlar\u0131m\u0131z Mersin liman\u0131, \u0130stanbul liman\u0131 ve \u0130zmir limanlar\u0131d\u0131r. Buradan \u00fcr\u00fcnler konteynerle \u00e7\u0131kar ve Finlandiya\u2019ya profesyonel ekiplerimiz e\u015fli\u011finde g\u00fcvenle ula\u015f\u0131r. Yap\u0131lacak nakliye \u015fekline ba\u011fl\u0131 olarak \u00fcr\u00fcnler, limanlarda haz\u0131rlan\u0131r ve teslim adresine belirlenen g\u00fczerg\u00e2hla ula\u015ft\u0131r\u0131l\u0131r.<\/p>\n<p>\u00dclke olarak d\u00f6rt bir yan\u0131m\u0131z\u0131n denizle \u00e7evrili olmas\u0131 en fazla deniz liman\u0131na sahip olmam\u0131z\u0131 sa\u011flam\u0131\u015ft\u0131r ve deniz \u00fczerinden nakliye hizmetini daha s\u0131k vermemizi etkilemi\u015ftir. Denize k\u0131y\u0131s\u0131 olan hemen hemen her ilimizde deniz limanlar\u0131 mevcuttur.<\/p>\n<h2><span><\/span>Firman\u0131n T\u00fcrkiye\u2019den Finlandiya ile Hangi \u015eehirlerle \u00c7al\u0131\u015fmaktad\u0131r?<\/h2>\n<p><span style=\"letter-spacing: 0px;\">\u00d6znak GROUP<\/span>&nbsp;firmas\u0131 olarak, uluslararas\u0131 nakliye hizmetinde geni\u015f bir \u00e7al\u0131\u015fma yelpazesine sahibiz. Sundu\u011fumuz nakliye hizmetleri i\u00e7erisinde karayolu nakliyat, denizyolu nakliyat, havayolu nakliyat, demiryolu nakliyat t\u00fcrleri olmaktad\u0131r. Bununla birlikte bir\u00e7ok cinsten \u00fcr\u00fcn\u00fcn nakliyesini yapmaktay\u0131z. Sundu\u011fumuz bu geni\u015f yelpaze ile hem bir\u00e7ok \u00fclke ile ikili ili\u015fkiler kurmakta hem de bu \u00fclkelerin hemen hemen her \u015fehrine hizmet vermekteyiz.<\/p>\n<p><strong>Firman\u0131n T\u00fcrkiye\u2019den Finlandiya ile hangi \u015fehirlerle \u00e7al\u0131\u015fmaktad\u0131r?<\/strong>&nbsp;diye soruldu\u011fu zaman Finlandiya\u2019n\u0131n Helsinki ba\u015fta olmak \u00fczere Hanko, Kemi, Kotka, Mariehamn, Oulu, Pori, Porvoo,Rauma, Turku, Vaasa limanlar\u0131 ile aktif ticari ili\u015fkiler yap\u0131lmaktad\u0131r. Bunun yan\u0131nda m\u00fc\u015fterilerimiz ile yap\u0131lan g\u00f6r\u00fc\u015fmeler neticesinde Finlandiya\u2019n\u0131n hemen hemen her \u015fehrine nakliye hizmetimiz mevcuttur. Genel itibari ile bir \u00fclke ile nakliye alan\u0131nda s\u0131k ili\u015fkiler i\u00e7erisindeysek o \u00fclkenin bir\u00e7ok \u015fehrine de nakliye hizmeti vermekteyiz.<\/p>\n<p>Nakliyat hizmetinde m\u00fc\u015fterilerimizin en b\u00fcy\u00fck beklentisi g\u00fcvenli nakliyat hizmetidir. \u00d6znak GROUP&nbsp;firmas\u0131 olarak, y\u0131llar\u0131n vermi\u015f oldu\u011fu deneyim ve tecr\u00fcbe ile bir\u00e7ok \u00fclke ve \u015fehrine g\u00fcvenli, kaliteli, olabilecek en uygun fiyata uluslararas\u0131 kalite standartlar\u0131na uygun nakliye hizmeti vermekteyiz.<\/p>\n<p>B\u00fcnyemizde bulunan deneyimli ve profesyonel \u00e7al\u0131\u015fanlar\u0131m\u0131z ile nakliyesi yap\u0131lan \u00fcr\u00fcnleriniz deformasyona u\u011framadan, herhangi bir prosed\u00fcr s\u0131k\u0131nt\u0131s\u0131 ya\u015famadan istenilen adrese belirlenen tarihte g\u00fcvenle ula\u015ft\u0131r\u0131lmaktad\u0131r. G\u00fcvenli nakliyat hizmetini tecr\u00fcbe etmek isteyen k\u0131ymetli m\u00fc\u015fterilerimizin firmam\u0131z ile irtibata ge\u00e7meleri yeterlidir.<\/p>\n<p>Finlandiya Nakliye<\/p>\n<p>Kuzey Avrupa \u00fclkeleri aras\u0131nda yer al\u0131p \u00fclkemizin yo\u011fun bir \u015fekilde al\u0131\u015f veri\u015f yapt\u0131\u011f\u0131 \u00fclkelerin ba\u015f\u0131nda gelen Finlandiya ile \u00fclkemiz aras\u0131nda ger\u00e7ekle\u015fen ticaret anla\u015fmalar\u0131 gere\u011fi ihracat ve ithalat nakliye \u00e7al\u0131\u015fmalar\u0131 yapan firmam\u0131z \u00d6znak GROUP&nbsp;sekt\u00f6re ad\u0131m att\u0131\u011f\u0131 ilk g\u00fcnden bu yana d\u00fczenli olarak nakliye seferleri yapmakta, ihracat ve ithalat nakliyesi d\u0131\u015f\u0131nda T\u00fcrkiye \u00fczerinden \u00fc\u00e7\u00fcnc\u00fc \u00fclke ta\u015f\u0131malar\u0131n\u0131 da eksiksiz olarak ger\u00e7ekle\u015ftirebilmektedir.<\/p>\n<p>Finlandiya Kara Yolu Ta\u015f\u0131mac\u0131l\u0131\u011f\u0131<\/p>\n<p>Karayolu y\u00fck ta\u015f\u0131ma y\u00f6netmeli\u011fine uygun olarak hareket eden firmam\u0131z C2 yetki belgesine sahip bulundu\u011fu gibi Uluslararas\u0131 Nakliyeciler Derne\u011fi \u00fcyeli\u011fi de bulunmaktad\u0131r. Yapt\u0131\u011f\u0131m\u0131z t\u00fcm ta\u015f\u0131mac\u0131l\u0131k faaliyetlerimizde kulland\u0131\u011f\u0131m\u0131z ara\u00e7lar\u0131m\u0131z genellikle y\u00fcksek modelli ara\u00e7lardan olu\u015fmakta, t\u00fcm ta\u015f\u0131malar CMR sigortas\u0131 g\u00fcvencesi alt\u0131nda ger\u00e7ekle\u015fmektedir.<\/p>\n<p>Finlandiya Nakliye \u00dclkeleri<\/p>\n<p>Finlandiya \u00e7al\u0131\u015fan nakliye firmalar\u0131 aras\u0131nda \u00f6ne \u00e7\u0131kan en temel \u00f6zelliklerimizden biri i\u015fimize olan sayg\u0131m\u0131zdan kaynaklanan m\u00fc\u015fteri memnuniyetine odakl\u0131 kaliteli hizmet sunma anlay\u0131\u015f\u0131m\u0131zd\u0131r. Kaliteyi ucuza satma prensibi ile yola \u00e7\u0131kan firmam\u0131z ge\u00e7en s\u00fcre i\u00e7erisinde \u00f6nemli a\u015famalar kat etmi\u015f, sekt\u00f6rde tercih edilen, aranan ve \u00f6zellikle \u00f6nerilen nadir nakliye kurulu\u015flar\u0131 aras\u0131na ismini ba\u015far\u0131l\u0131 bir \u015fekilde yazd\u0131rm\u0131\u015ft\u0131r.<\/p>\t\t\t\t\t\t<\/div>\n\t\t\t\t<\/div>\n\t\t\t\t\t<\/div>\n\t\t<\/div>\n\t\t\t\t\t\t\t<\/div>\n\t\t<\/section>\n\t\t\t\t\t\t\t<\/div>\n\t\t","protected":false},"excerpt":{"rendered":"<p>Finlandiya Nakliye Hizmetlerimiz Finlandiya nakliye hizmetleri K\u00f6kl\u00fc bir ge\u00e7mi\u015fe sahip olan nakliye hizmetinin en eski nakliye t\u00fcrlerinden biri parsiyel nakliye hizmetidir. Parsiyel nakliye, bir konteyner i\u00e7inde farkl\u0131 m\u00fc\u015fterilere ait \u00fcr\u00fcnlerin ayn\u0131 g\u00fczerg\u00e2ha gitmesidir. Parsiyel nakliye hizmeti teknoloji ile beraber daha \u00e7ok geli\u015fmi\u015ftir. Bununla beraber ya\u015fanabilecek bir\u00e7ok s\u0131k\u0131nt\u0131y\u0131 bertaraf etmi\u015ftir. \u00d6znak GROUP firmas\u0131 olarak, lojisti\u011fe dair [&hellip;]<\/p>\n","protected":false},"author":1,"featured_media":0,"parent":0,"menu_order":0,"comment_status":"closed","ping_status":"closed","template":"","meta":[],"_links":{"self":[{"href":"https:\/\/oznakgroup.com.tr\/index.php\/wp-json\/wp\/v2\/pages\/1611"}],"collection":[{"href":"https:\/\/oznakgroup.com.tr\/index.php\/wp-json\/wp\/v2\/pages"}],"about":[{"href":"https:\/\/oznakgroup.com.tr\/index.php\/wp-json\/wp\/v2\/types\/page"}],"author":[{"embeddable":true,"href":"https:\/\/oznakgroup.com.tr\/index.php\/wp-json\/wp\/v2\/users\/1"}],"replies":[{"embeddable":true,"href":"https:\/\/oznakgroup.com.tr\/index.php\/wp-json\/wp\/v2\/comments?post=1611"}],"version-history":[{"count":0,"href":"https:\/\/oznakgroup.com.tr\/index.php\/wp-json\/wp\/v2\/pages\/1611\/revisions"}],"wp:attachment":[{"href":"https:\/\/oznakgroup.com.tr\/index.php\/wp-json\/wp\/v2\/media?parent=1611"}],"curies":[{"name":"wp","href":"https:\/\/api.w.org\/{rel}","templated":true}]}}