{"id":1610,"date":"2023-01-19T19:54:54","date_gmt":"2023-01-19T19:54:54","guid":{"rendered":"https:\/\/oznakgroup.com.tr\/?page_id=1610"},"modified":"2023-01-19T20:02:19","modified_gmt":"2023-01-19T20:02:19","slug":"ispanya-nakliye","status":"publish","type":"page","link":"https:\/\/oznakgroup.com.tr\/index.php\/ispanya-nakliye\/","title":{"rendered":"ispanya Nakliye"},"content":{"rendered":"\t\t<div data-elementor-type=\"wp-page\" data-elementor-id=\"1610\" class=\"elementor elementor-1610\">\n\t\t\t\t\t\t\t\t\t<section class=\"elementor-section elementor-top-section elementor-element elementor-element-d4a5fb6 elementor-section-boxed elementor-section-height-default elementor-section-height-default tf-sticky-section tf-sticky-no\" data-id=\"d4a5fb6\" data-element_type=\"section\" data-settings=\"{&quot;tf_sticky&quot;:&quot;no&quot;}\">\n\t\t\t\t\t\t<div class=\"elementor-container elementor-column-gap-default\">\n\t\t\t\t\t<div class=\"elementor-column elementor-col-100 elementor-top-column elementor-element elementor-element-de09783\" data-id=\"de09783\" data-element_type=\"column\">\n\t\t\t<div class=\"elementor-widget-wrap elementor-element-populated\">\n\t\t\t\t\t\t\t\t<div class=\"elementor-element elementor-element-0b9493a elementor-widget elementor-widget-text-editor\" data-id=\"0b9493a\" data-element_type=\"widget\" data-widget_type=\"text-editor.default\">\n\t\t\t\t<div class=\"elementor-widget-container\">\n\t\t\t<style>\/*! elementor - v3.13.3 - 22-05-2023 *\/\n.elementor-widget-text-editor.elementor-drop-cap-view-stacked .elementor-drop-cap{background-color:#69727d;color:#fff}.elementor-widget-text-editor.elementor-drop-cap-view-framed .elementor-drop-cap{color:#69727d;border:3px solid;background-color:transparent}.elementor-widget-text-editor:not(.elementor-drop-cap-view-default) .elementor-drop-cap{margin-top:8px}.elementor-widget-text-editor:not(.elementor-drop-cap-view-default) .elementor-drop-cap-letter{width:1em;height:1em}.elementor-widget-text-editor .elementor-drop-cap{float:left;text-align:center;line-height:1;font-size:50px}.elementor-widget-text-editor .elementor-drop-cap-letter{display:inline-block}<\/style>\t\t\t\t<h2 class=\"\">\u0130spanya Nakliye Hizmeti<\/h2>\n<p class=\"\">Bat\u0131 Avrupa \u00fclkesi \u0130spanya ile \u00fclkemiz aras\u0131nda yap\u0131lan ticaret anla\u015fmalar\u0131 \u00e7er\u00e7evesinde yap\u0131lmakta olan nakliye \u00e7al\u0131\u015fmalar\u0131nda \u00f6nemli bir konuma sahip bulunan firmam\u0131z \u00d6znak GROUP 20 y\u0131l\u0131 a\u015fk\u0131n bir s\u00fcredir uluslararas\u0131 alanda ta\u015f\u0131mac\u0131l\u0131k faaliyetlerini istikrarl\u0131 bir \u015fekilde s\u00fcrd\u00fcrmektedir. \u00d6zellikle kara yolu nakliyesinde son derece tecr\u00fcbeli bulunan kurulu\u015fumuz uluslararas\u0131 yetki belgesine sahip bulundu\u011fu gibi UND \u00fcyeli\u011fine de sahiptir. Yapt\u0131\u011f\u0131 t\u00fcm nakliye \u00e7al\u0131\u015fmalar\u0131nda CMR sigortas\u0131 kapsam\u0131nda t\u0131r ta\u015f\u0131malar\u0131 yapan firmam\u0131z T\u00fcrkiye \u0130spanya aras\u0131 ta\u015f\u0131mac\u0131l\u0131k konusunda \u00f6zellikle aranan&nbsp; ve tercih edilen nadir nakliye \u015firketleri aras\u0131nda yer almaktad\u0131r.<\/p>\n<h3 class=\"\"><span id=\"ispanya_komple_tir_tasimaciligi\" class=\"ez-toc-section\"><\/span>\u0130spanya Komple T\u0131r Ta\u015f\u0131mac\u0131l\u0131\u011f\u0131<\/h3>\n<p class=\"\">\u0130spanya\u2019ya komple t\u0131r ta\u015f\u0131mac\u0131l\u0131k, parsiyel ve kargo ta\u015f\u0131ma, gabari d\u0131\u015f\u0131 a\u011f\u0131r nakliyat, konteyner nakliyesi ve frigo nakliye gibi alanlarda da hizmet sunmakta olan firmam\u0131z ara\u00e7 filosunda bulunan farkl\u0131 tipteki ara\u00e7lar\u0131 ile ta\u015f\u0131nabilir ticari her t\u00fcrl\u00fc y\u00fck\u00fcn \u0130spanya\u2019n\u0131n t\u00fcm \u015fehirlerine ta\u015f\u0131nmas\u0131nda son derece etkin rol \u00fcstlenmi\u015ftir.<\/p>\n<p class=\"\">\u0130spanya\u2019ya ihracat y\u00fck \u00e7al\u0131\u015fmalar\u0131n\u0131n yan\u0131 s\u0131ra \u0130spanya\u2019dan \u00fclkemize ithalat y\u00fck ta\u015f\u0131malar\u0131 ile birlikte T\u00fcrkiye \u00fczerinden G\u00fcrcistan, Azerbaycan, Ermenistan, \u0130ran, Irak ve Suriye gibi \u00fclkelere transit ge\u00e7i\u015fli \u00fc\u00e7\u00fcnc\u00fc \u00fclke kapsam\u0131nda ki y\u00fcklerin nakliye i\u015flemlerini de ba\u015far\u0131l\u0131 bir \u015fekilde ger\u00e7ekle\u015ftirmekte olan firmam\u0131z \u00d6znak GROUP&nbsp;24 tona kadar olan t\u00fcm y\u00fck gruplar\u0131n\u0131n nakliyesini gerek tamamen karayolu ile gerekse roro ba\u011flant\u0131l\u0131 olarak sa\u011flamaktad\u0131r.<\/p>\n<h2>\u0130spanya Sigortal\u0131 Ta\u015f\u0131mac\u0131l\u0131k<\/h2>\n<p class=\"\">\u00dclkemizde \u00fcretimi yap\u0131lmakta olan tekstil \u00fcr\u00fcnleri, beyaz e\u015fya, mobilya, oturma gruplar\u0131, sa\u011fl\u0131k ve medikal \u00fcr\u00fcnleri otomotiv ekipmanlar\u0131, makine t\u00fcrleri, sanayi ve end\u00fcstri malzemeleri, ambalaj sanayi malzemeleri, ya\u015f sebze meyve, kimyevi \u00fcr\u00fcnler ve donmu\u015f g\u0131da t\u00fcrleri gibi binlerce \u00e7e\u015fit \u00fcr\u00fcn\u00fcn \u0130spanya\u2019n\u0131n ba\u015fta Ba\u015fkent Madrid olmak \u00fczere t\u00fcm \u015fehirlerine ula\u015ft<a href=\"https:\/\/www.sahlojistik.com\/\">\u0131<\/a>r\u0131lmas\u0131nda emekleri bulunan firmam\u0131z yukar\u0131da isimlerini sayd\u0131\u011f\u0131m\u0131z t\u00fcm \u00fcr\u00fcn gruplar\u0131n\u0131 ta\u015f\u0131ma kapasitesi ve yeterlili\u011fine sahip ara\u00e7lar\u0131 ile sigortal\u0131 olarak en k\u0131sa s\u00fcrede ula\u015ft\u0131r\u0131lmak \u00fczere sorunsuz bir \u015fekilde ta\u015f\u0131yabilmekteyiz.<\/p>\n<h2>\u0130spanya Nakliye Firmalar\u0131<\/h2>\n<h5 class=\"\"><span id=\"ispanya_nakliye_firmalari\" class=\"ez-toc-section\"><\/span><\/h5>\n<p class=\"\">Uzun y\u0131llar \u0130spanya lojistik hatt\u0131nda nakliye seferleri yapmakta olan firmam\u0131z ortaya koydu\u011fu \u00fcst\u00fcn performans\u0131&nbsp;sayesinde i\u015f yapmakta oldu\u011fu t\u00fcm m\u00fc\u015fterilerinin be\u011fenilerini ve takdirlerini topluyor, kazanm\u0131\u015f oldu\u011fu ivme ile kurumsal bir firma olma yolunda ki hedeflerinden \u015fa\u015fmadan yoluna kararl\u0131l\u0131kla devam ediyor.<\/p>\t\t\t\t\t\t<\/div>\n\t\t\t\t<\/div>\n\t\t\t\t\t<\/div>\n\t\t<\/div>\n\t\t\t\t\t\t\t<\/div>\n\t\t<\/section>\n\t\t\t\t\t\t\t<\/div>\n\t\t","protected":false},"excerpt":{"rendered":"<p>\u0130spanya Nakliye Hizmeti Bat\u0131 Avrupa \u00fclkesi \u0130spanya ile \u00fclkemiz aras\u0131nda yap\u0131lan ticaret anla\u015fmalar\u0131 \u00e7er\u00e7evesinde yap\u0131lmakta olan nakliye \u00e7al\u0131\u015fmalar\u0131nda \u00f6nemli bir konuma sahip bulunan firmam\u0131z \u00d6znak GROUP 20 y\u0131l\u0131 a\u015fk\u0131n bir s\u00fcredir uluslararas\u0131 alanda ta\u015f\u0131mac\u0131l\u0131k faaliyetlerini istikrarl\u0131 bir \u015fekilde s\u00fcrd\u00fcrmektedir. \u00d6zellikle kara yolu nakliyesinde son derece tecr\u00fcbeli bulunan kurulu\u015fumuz uluslararas\u0131 yetki belgesine sahip bulundu\u011fu gibi UND [&hellip;]<\/p>\n","protected":false},"author":1,"featured_media":0,"parent":0,"menu_order":0,"comment_status":"closed","ping_status":"closed","template":"","meta":[],"_links":{"self":[{"href":"https:\/\/oznakgroup.com.tr\/index.php\/wp-json\/wp\/v2\/pages\/1610"}],"collection":[{"href":"https:\/\/oznakgroup.com.tr\/index.php\/wp-json\/wp\/v2\/pages"}],"about":[{"href":"https:\/\/oznakgroup.com.tr\/index.php\/wp-json\/wp\/v2\/types\/page"}],"author":[{"embeddable":true,"href":"https:\/\/oznakgroup.com.tr\/index.php\/wp-json\/wp\/v2\/users\/1"}],"replies":[{"embeddable":true,"href":"https:\/\/oznakgroup.com.tr\/index.php\/wp-json\/wp\/v2\/comments?post=1610"}],"version-history":[{"count":0,"href":"https:\/\/oznakgroup.com.tr\/index.php\/wp-json\/wp\/v2\/pages\/1610\/revisions"}],"wp:attachment":[{"href":"https:\/\/oznakgroup.com.tr\/index.php\/wp-json\/wp\/v2\/media?parent=1610"}],"curies":[{"name":"wp","href":"https:\/\/api.w.org\/{rel}","templated":true}]}}