{"id":159,"date":"2022-12-18T12:20:00","date_gmt":"2022-12-18T12:20:00","guid":{"rendered":"https:\/\/oznakgroup.com.tr\/?page_id=159"},"modified":"2022-12-24T13:46:51","modified_gmt":"2022-12-24T13:46:51","slug":"deniz-yolu-tasimaciligi","status":"publish","type":"page","link":"https:\/\/oznakgroup.com.tr\/index.php\/deniz-yolu-tasimaciligi\/","title":{"rendered":"Deniz Yolu Ta\u015f\u0131mac\u0131l\u0131\u011f\u0131"},"content":{"rendered":"\t\t<div data-elementor-type=\"wp-page\" data-elementor-id=\"159\" class=\"elementor elementor-159\">\n\t\t\t\t\t\t\t\t\t<section class=\"elementor-section elementor-top-section elementor-element elementor-element-964b551 elementor-section-boxed elementor-section-height-default elementor-section-height-default tf-sticky-section tf-sticky-no\" data-id=\"964b551\" data-element_type=\"section\" data-settings=\"{&quot;tf_sticky&quot;:&quot;no&quot;}\">\n\t\t\t\t\t\t<div class=\"elementor-container elementor-column-gap-default\">\n\t\t\t\t\t<div class=\"elementor-column elementor-col-100 elementor-top-column elementor-element elementor-element-3add1c0\" data-id=\"3add1c0\" data-element_type=\"column\">\n\t\t\t<div class=\"elementor-widget-wrap elementor-element-populated\">\n\t\t\t\t\t\t\t\t<div class=\"elementor-element elementor-element-a688326 elementor-widget elementor-widget-text-editor\" data-id=\"a688326\" data-element_type=\"widget\" data-widget_type=\"text-editor.default\">\n\t\t\t\t<div class=\"elementor-widget-container\">\n\t\t\t<style>\/*! elementor - v3.13.3 - 22-05-2023 *\/\n.elementor-widget-text-editor.elementor-drop-cap-view-stacked .elementor-drop-cap{background-color:#69727d;color:#fff}.elementor-widget-text-editor.elementor-drop-cap-view-framed .elementor-drop-cap{color:#69727d;border:3px solid;background-color:transparent}.elementor-widget-text-editor:not(.elementor-drop-cap-view-default) .elementor-drop-cap{margin-top:8px}.elementor-widget-text-editor:not(.elementor-drop-cap-view-default) .elementor-drop-cap-letter{width:1em;height:1em}.elementor-widget-text-editor .elementor-drop-cap{float:left;text-align:center;line-height:1;font-size:50px}.elementor-widget-text-editor .elementor-drop-cap-letter{display:inline-block}<\/style>\t\t\t\t<h3 class=\"flat-title-section style mag-top10px\">Deniz Yolu Ta\u015f\u0131mac\u0131l\u0131\u011f\u0131&nbsp;<\/h3>\n<div>\n<p>\u00d6ZNAK GROUP, d\u00fcnya ticaretinin b\u00fcy\u00fck bir k\u0131sm\u0131n\u0131n ger\u00e7ekle\u015fti\u011fi deniz yolu ta\u015f\u0131mac\u0131l\u0131\u011f\u0131nda sahip oldu\u011fu geni\u015f acente a\u011f\u0131 ile komple(FCL) ya da parsiyel(LCL) y\u00fck\u00fcn\u00fcz\u00fc; standart, open top, refeer, flatrack, high cube ve tank konteyner gibi efektif ta\u015f\u0131ma sistemleri ile diledi\u011finiz zaman, istedi\u011finiz herhangi bir yere; en ekonomik, en h\u0131zl\u0131, en kolay \u015fekilde ula\u015ft\u0131rmaktad\u0131r.<\/p>\n<h4 class=\"flat-title-section style2\"><span id=\"Yeryuzundeki_tum_limanlara_ulasiyoruz\" class=\"ez-toc-section\"><\/span>Yery\u00fcz\u00fcndeki&nbsp;<span class=\"scheme\">t\u00fcm limanlara<\/span>&nbsp;ula\u015f\u0131yoruz.<\/h4>\n<p>\u00d6ZNAK GROUP, WIN\u2019in(World Independent Network) d\u00fcnya \u00e7ap\u0131ndaki i\u015f a\u011f\u0131 sayesinde limandan limana oldu\u011fu gibi, kap\u0131dan kap\u0131ya da ak\u0131lc\u0131 lojistik \u00e7\u00f6z\u00fcmler \u00fcretmektedir.<\/p>\n<p>\u00d6ZNAK GROUP, her biri kendi alan\u0131nda uzman ki\u015filerden olu\u015fan tecr\u00fcbeli kadrosu ile FCL ve LCL y\u00fckleme, \u00f6zel konteyner y\u00fckleme, a\u011f\u0131r tonaj ta\u015f\u0131mac\u0131l\u0131\u011f\u0131 ve gabari d\u0131\u015f\u0131 y\u00fckleme hizmetlerini de en avantajl\u0131 \u015fekilde veriyor.<\/p>\n<h4 class=\"flat-title-section style2\"><span id=\"Deniz_Tasimaciliginda_Hizli_ve_Verimli_Hizmet\" class=\"ez-toc-section\"><\/span>Deniz Ta\u015f\u0131mac\u0131l\u0131\u011f\u0131nda&nbsp;<span class=\"scheme\">H\u0131zl\u0131 ve Verimli Hizmet<\/span><\/h4>\n<p>D\u00fcnyan\u0131n her noktas\u0131na haftada birden fazla \u00e7\u0131k\u0131\u015f imk\u00e2n\u0131 ile intermodal ta\u015f\u0131mac\u0131l\u0131k, multimodal ta\u015f\u0131mac\u0131l\u0131k, 3. \u00fclke ve transit ta\u015f\u0131mac\u0131l\u0131\u011f\u0131 ve armat\u00f6rlerle yer garantili kontrat hizmetleri de sunan \u00d6ZNAK GROUP, deniz ta\u015f\u0131mac\u0131l\u0131\u011f\u0131nda her daim h\u0131zl\u0131 ve verimli lojistik deste\u011fi sa\u011fl\u0131yor.<\/p>\n<\/div>\t\t\t\t\t\t<\/div>\n\t\t\t\t<\/div>\n\t\t\t\t\t<\/div>\n\t\t<\/div>\n\t\t\t\t\t\t\t<\/div>\n\t\t<\/section>\n\t\t\t\t\t\t\t<\/div>\n\t\t","protected":false},"excerpt":{"rendered":"<p>Deniz Yolu Ta\u015f\u0131mac\u0131l\u0131\u011f\u0131&nbsp; \u00d6ZNAK GROUP, d\u00fcnya ticaretinin b\u00fcy\u00fck bir k\u0131sm\u0131n\u0131n ger\u00e7ekle\u015fti\u011fi deniz yolu ta\u015f\u0131mac\u0131l\u0131\u011f\u0131nda sahip oldu\u011fu geni\u015f acente a\u011f\u0131 ile komple(FCL) ya da parsiyel(LCL) y\u00fck\u00fcn\u00fcz\u00fc; standart, open top, refeer, flatrack, high cube ve tank konteyner gibi efektif ta\u015f\u0131ma sistemleri ile diledi\u011finiz zaman, istedi\u011finiz herhangi bir yere; en ekonomik, en h\u0131zl\u0131, en kolay \u015fekilde ula\u015ft\u0131rmaktad\u0131r. Yery\u00fcz\u00fcndeki&nbsp;t\u00fcm [&hellip;]<\/p>\n","protected":false},"author":1,"featured_media":0,"parent":0,"menu_order":0,"comment_status":"closed","ping_status":"closed","template":"","meta":[],"_links":{"self":[{"href":"https:\/\/oznakgroup.com.tr\/index.php\/wp-json\/wp\/v2\/pages\/159"}],"collection":[{"href":"https:\/\/oznakgroup.com.tr\/index.php\/wp-json\/wp\/v2\/pages"}],"about":[{"href":"https:\/\/oznakgroup.com.tr\/index.php\/wp-json\/wp\/v2\/types\/page"}],"author":[{"embeddable":true,"href":"https:\/\/oznakgroup.com.tr\/index.php\/wp-json\/wp\/v2\/users\/1"}],"replies":[{"embeddable":true,"href":"https:\/\/oznakgroup.com.tr\/index.php\/wp-json\/wp\/v2\/comments?post=159"}],"version-history":[{"count":0,"href":"https:\/\/oznakgroup.com.tr\/index.php\/wp-json\/wp\/v2\/pages\/159\/revisions"}],"wp:attachment":[{"href":"https:\/\/oznakgroup.com.tr\/index.php\/wp-json\/wp\/v2\/media?parent=159"}],"curies":[{"name":"wp","href":"https:\/\/api.w.org\/{rel}","templated":true}]}}