{"id":1579,"date":"2023-01-19T19:28:54","date_gmt":"2023-01-19T19:28:54","guid":{"rendered":"https:\/\/oznakgroup.com.tr\/?page_id=1579"},"modified":"2023-01-19T19:31:52","modified_gmt":"2023-01-19T19:31:52","slug":"tataristan-nakliye","status":"publish","type":"page","link":"https:\/\/oznakgroup.com.tr\/index.php\/tataristan-nakliye\/","title":{"rendered":"Tataristan Nakliye"},"content":{"rendered":"\t\t<div data-elementor-type=\"wp-page\" data-elementor-id=\"1579\" class=\"elementor elementor-1579\">\n\t\t\t\t\t\t\t\t\t<section class=\"elementor-section elementor-top-section elementor-element elementor-element-baf0277 elementor-section-boxed elementor-section-height-default elementor-section-height-default tf-sticky-section tf-sticky-no\" data-id=\"baf0277\" data-element_type=\"section\" data-settings=\"{&quot;tf_sticky&quot;:&quot;no&quot;}\">\n\t\t\t\t\t\t<div class=\"elementor-container elementor-column-gap-default\">\n\t\t\t\t\t<div class=\"elementor-column elementor-col-100 elementor-top-column elementor-element elementor-element-f22d2ba\" data-id=\"f22d2ba\" data-element_type=\"column\">\n\t\t\t<div class=\"elementor-widget-wrap elementor-element-populated\">\n\t\t\t\t\t\t\t\t<div class=\"elementor-element elementor-element-55cd074 elementor-widget elementor-widget-text-editor\" data-id=\"55cd074\" data-element_type=\"widget\" data-widget_type=\"text-editor.default\">\n\t\t\t\t<div class=\"elementor-widget-container\">\n\t\t\t<style>\/*! elementor - v3.13.3 - 22-05-2023 *\/\n.elementor-widget-text-editor.elementor-drop-cap-view-stacked .elementor-drop-cap{background-color:#69727d;color:#fff}.elementor-widget-text-editor.elementor-drop-cap-view-framed .elementor-drop-cap{color:#69727d;border:3px solid;background-color:transparent}.elementor-widget-text-editor:not(.elementor-drop-cap-view-default) .elementor-drop-cap{margin-top:8px}.elementor-widget-text-editor:not(.elementor-drop-cap-view-default) .elementor-drop-cap-letter{width:1em;height:1em}.elementor-widget-text-editor .elementor-drop-cap{float:left;text-align:center;line-height:1;font-size:50px}.elementor-widget-text-editor .elementor-drop-cap-letter{display:inline-block}<\/style>\t\t\t\t<h2 class=\"\"><strong>Tataristan Nakliye Hizmetleri<\/strong><\/h2><p><span style=\"font-weight: 400;\">Tataristan Nakliye hizmetleri Uluslararas\u0131 nakliye \u00e7al\u0131\u015fmalar\u0131n\u0131 \u00e7eyrek asra yak\u0131n bir zamandan bu yana s\u00fcrd\u00fcrmekte olan firmam\u0131z \u00d6znak GROUP, Avrupa , Asya ve Ortado\u011fu \u00fclkelerinin tamam\u0131nda ba\u015far\u0131l\u0131 bir grafi\u011fe sahip bulunmaktad\u0131r. \u00c7al\u0131\u015fma alanlar\u0131n\u0131 her ge\u00e7en g\u00fcn b\u00fcy\u00fct\u00fcp geli\u015ftirmekte olan firmam\u0131z gelen talepleri de\u011ferlendirerek alt yap\u0131 ve et\u00fct \u00e7al\u0131\u015fmalar\u0131n\u0131 tamamlamas\u0131n\u0131n ard\u0131ndan Tataristan \u00f6zerk b\u00f6lgesine de nakliye hizmetleri sunmaya ba\u015flam\u0131\u015ft\u0131r. <\/span><span style=\"font-weight: 400;\">Tataristan \u00e7al\u0131\u015fan nakliye firmalar\u0131n\u0131n yetersizli\u011finden yak\u0131nmakta olan ihracat\u00e7\u0131 ve ithalat\u00e7\u0131 firmalar\u0131m\u0131z\u0131n beklenti ve talepleri do\u011frultusunda bu b\u00f6lgeye \u00f6zel \u00e7al\u0131\u015fmalar yaparak gerekli t\u00fcm bilgi ve ekipman deste\u011fini tamamlam\u0131\u015f, T\u00fcrk ve yabanc\u0131 plakal\u0131 ara\u00e7lar\u0131 ile d\u00fczenli nakliye hizmetleri sunmaya ba\u015flam\u0131\u015ft\u0131r.<\/span><\/p><h2><b><strong>Tataristan Parsiyel Ta\u015f\u0131mac\u0131l\u0131k<\/strong><\/b><\/h2><p style=\"font-weight: 400;\">Tataristan nakliyesinde en yo\u011fun talep g\u00f6ren illerin ba\u015f\u0131nda ba\u015fkent Kazan gelmekte, ihracat\u0131 yap<a href=\"http:\/\/xn--sahlojistik-bmgd.com\/\" data-type=\"URL\" data-id=\"SAHLOJ\u0130ST\u0130K.COM\">\u0131<\/a>lan \u00fcr\u00fcnlerin b\u00fcy\u00fck \u00e7o\u011funlu\u011fu bu \u015fehire yo\u011funla\u015fmaktad\u0131r. Bu sebeple firmam\u0131z Tataristan\u2019da ki ithalat ve g\u00fcmr\u00fckleme i\u015flemlerinin k\u0131sa yoldan \u00e7\u00f6z\u00fcme kavu\u015fmas\u0131 amac\u0131 ile Kazan \u015fehrinde bulunan acente ve g\u00fcmr\u00fck m\u00fc\u015favirlikleri ile i\u015f ortakl\u0131\u011f\u0131 ve i\u015f birli\u011fi kurmu\u015ftur.<\/p><p style=\"font-weight: 400;\">\u00dclkemizden Tataristan\u2019a g\u00f6nderilmekte olan binlerce kalem \u00fcr\u00fcn t\u00fcr\u00fcn\u00fcn tamam<a href=\"https:\/\/www.sahlojistik.com\/hakkimizda-tataristan\">\u0131<\/a>n\u0131 ta\u015f\u0131maya uygun model ve yap\u0131da t\u0131rlar\u0131 bulunan firmam\u0131z, ara\u00e7 filosunda bulundurdu\u011fu y\u00fcksek modelli t\u0131rlar\u0131 ile kesintisiz hizmet sunmaya devam etmektedir. Tataristan\u2019a kuru y\u00fck ta\u015f\u0131mac\u0131l\u0131\u011f\u0131 ile ilgili tenteli t\u0131rlar\u0131n\u0131n yan\u0131 s\u0131ra frigo dorse, a\u00e7\u0131k dorse, konteyner nakliye ara\u00e7lar\u0131 ile gabari d\u0131\u015f\u0131 a\u011f\u0131r nakliyat ara\u00e7lar\u0131n\u0131 bulundurmaktad\u0131r.<\/p><h2><b><strong>Tataristan \u0130leti\u015fim<\/strong><\/b><\/h2><p style=\"font-weight: 400;\">Tataristan nakliye \u00e7al\u0131\u015fmalar\u0131m\u0131zda tercih etti\u011fimiz ana g\u00fczergah\u0131m\u0131z ge\u00e7i\u015flerin kolay ve k\u0131sa yoldan olmas\u0131 m\u00fcnasebetiyle G\u00fcrcistan-Rusya \u00fczeri karayolu \u015feklindedir. \u0130zin verilen tonaj limiti olan 22 tona kadar b\u00fct\u00fcn ihra\u00e7 kay\u0131tl\u0131 ve transit i\u00e7erikli y\u00fcklerin nakliyesini yapabiliyor, y\u00fckleme an\u0131ndan teslim an\u0131na kadar ge\u00e7en s\u00fcre toplamda 7-8 g\u00fcn gibi k\u0131sa bir s\u00fcreye tekab\u00fcl etmektedir. Bir\u00e7ok Avrupa \u00fclkesinden Tataristan\u2019a g\u00f6nderilmekte olan \u00fc\u00e7\u00fcnc\u00fc \u00fclke kapsam\u0131nda ki y\u00fcklerin nakliyesini de aktarmas\u0131z direkt servis olarak T\u00fcrkiye \u00fczerinden ger\u00e7ekle\u015ftiriyor, yapt\u0131\u011f\u0131m\u0131z t\u00fcm ta\u015f\u0131malar\u0131m\u0131zda kulland\u0131\u011f\u0131m\u0131z ara\u00e7lar\u0131m\u0131zda CMR sigortas\u0131 kullanarak \u00fcr\u00fcnlerin g\u00fcvenli bir \u015fekilde teslim noktas\u0131na ula\u015ft\u0131r\u0131lmas\u0131n\u0131 sa\u011fl\u0131yoruz.<\/p><p style=\"font-weight: 400;\">Mersin y\u00fckleme, Moskova G\u00fcmr\u00fckleme, Zainskaya (Tatarstan) bo\u015faltma olacak \u015fekilde Pazartesi g\u00fcn\u00fc y\u00fckleme (28.03) Ara\u00e7 durumunuz nedir? Fiyat bilgisi: Rota bilgisi: Transit s\u00fcre bilgisi: iletmenizi rica ederiz. Ankraj malzemeleri\u00a0 Tonaj 18-20 ton civar\u0131. \u0130zin verilen maksimum tonaj nedir, onu baz alabilirsiniz.<\/p><p><span style=\"font-weight: 400;\">\u00a0<\/span><\/p>\t\t\t\t\t\t<\/div>\n\t\t\t\t<\/div>\n\t\t\t\t\t<\/div>\n\t\t<\/div>\n\t\t\t\t\t\t\t<\/div>\n\t\t<\/section>\n\t\t\t\t\t\t\t<\/div>\n\t\t","protected":false},"excerpt":{"rendered":"<p>Tataristan Nakliye Hizmetleri Tataristan Nakliye hizmetleri Uluslararas\u0131 nakliye \u00e7al\u0131\u015fmalar\u0131n\u0131 \u00e7eyrek asra yak\u0131n bir zamandan bu yana s\u00fcrd\u00fcrmekte olan firmam\u0131z \u00d6znak GROUP, Avrupa , Asya ve Ortado\u011fu \u00fclkelerinin tamam\u0131nda ba\u015far\u0131l\u0131 bir grafi\u011fe sahip bulunmaktad\u0131r. \u00c7al\u0131\u015fma alanlar\u0131n\u0131 her ge\u00e7en g\u00fcn b\u00fcy\u00fct\u00fcp geli\u015ftirmekte olan firmam\u0131z gelen talepleri de\u011ferlendirerek alt yap\u0131 ve et\u00fct \u00e7al\u0131\u015fmalar\u0131n\u0131 tamamlamas\u0131n\u0131n ard\u0131ndan Tataristan \u00f6zerk b\u00f6lgesine [&hellip;]<\/p>\n","protected":false},"author":1,"featured_media":0,"parent":0,"menu_order":0,"comment_status":"closed","ping_status":"closed","template":"","meta":[],"_links":{"self":[{"href":"https:\/\/oznakgroup.com.tr\/index.php\/wp-json\/wp\/v2\/pages\/1579"}],"collection":[{"href":"https:\/\/oznakgroup.com.tr\/index.php\/wp-json\/wp\/v2\/pages"}],"about":[{"href":"https:\/\/oznakgroup.com.tr\/index.php\/wp-json\/wp\/v2\/types\/page"}],"author":[{"embeddable":true,"href":"https:\/\/oznakgroup.com.tr\/index.php\/wp-json\/wp\/v2\/users\/1"}],"replies":[{"embeddable":true,"href":"https:\/\/oznakgroup.com.tr\/index.php\/wp-json\/wp\/v2\/comments?post=1579"}],"version-history":[{"count":0,"href":"https:\/\/oznakgroup.com.tr\/index.php\/wp-json\/wp\/v2\/pages\/1579\/revisions"}],"wp:attachment":[{"href":"https:\/\/oznakgroup.com.tr\/index.php\/wp-json\/wp\/v2\/media?parent=1579"}],"curies":[{"name":"wp","href":"https:\/\/api.w.org\/{rel}","templated":true}]}}