{"id":153,"date":"2022-12-18T12:19:30","date_gmt":"2022-12-18T12:19:30","guid":{"rendered":"https:\/\/oznakgroup.com.tr\/?page_id=153"},"modified":"2022-12-18T14:13:48","modified_gmt":"2022-12-18T14:13:48","slug":"parsiyel-tasimaciligi","status":"publish","type":"page","link":"https:\/\/oznakgroup.com.tr\/index.php\/parsiyel-tasimaciligi\/","title":{"rendered":"Parsiyel Ta\u015f\u0131mac\u0131l\u0131\u011f\u0131"},"content":{"rendered":"\t\t<div data-elementor-type=\"wp-page\" data-elementor-id=\"153\" class=\"elementor elementor-153\">\n\t\t\t\t\t\t\t\t\t<section class=\"elementor-section elementor-top-section elementor-element elementor-element-5c3d3f5 elementor-section-boxed elementor-section-height-default elementor-section-height-default tf-sticky-section tf-sticky-no\" data-id=\"5c3d3f5\" data-element_type=\"section\" data-settings=\"{&quot;tf_sticky&quot;:&quot;no&quot;}\">\n\t\t\t\t\t\t<div class=\"elementor-container elementor-column-gap-default\">\n\t\t\t\t\t<div class=\"elementor-column elementor-col-100 elementor-top-column elementor-element elementor-element-84f8c8b\" data-id=\"84f8c8b\" data-element_type=\"column\">\n\t\t\t<div class=\"elementor-widget-wrap elementor-element-populated\">\n\t\t\t\t\t\t\t\t<div class=\"elementor-element elementor-element-9896e79 elementor-widget elementor-widget-text-editor\" data-id=\"9896e79\" data-element_type=\"widget\" data-widget_type=\"text-editor.default\">\n\t\t\t\t<div class=\"elementor-widget-container\">\n\t\t\t<style>\/*! elementor - v3.13.3 - 22-05-2023 *\/\n.elementor-widget-text-editor.elementor-drop-cap-view-stacked .elementor-drop-cap{background-color:#69727d;color:#fff}.elementor-widget-text-editor.elementor-drop-cap-view-framed .elementor-drop-cap{color:#69727d;border:3px solid;background-color:transparent}.elementor-widget-text-editor:not(.elementor-drop-cap-view-default) .elementor-drop-cap{margin-top:8px}.elementor-widget-text-editor:not(.elementor-drop-cap-view-default) .elementor-drop-cap-letter{width:1em;height:1em}.elementor-widget-text-editor .elementor-drop-cap{float:left;text-align:center;line-height:1;font-size:50px}.elementor-widget-text-editor .elementor-drop-cap-letter{display:inline-block}<\/style>\t\t\t\t<h2>Parsiyel Ta\u015f\u0131mac\u0131l\u0131k Nedir?<\/h2><p>Lojistik sekt\u00f6r\u00fcn\u00fcn ya\u015fad\u0131\u011f\u0131 h\u0131zl\u0131 de\u011fi\u015fim ve ihtiya\u00e7 sahiplerinin talep, istek ve beklentilerinin farkl\u0131la\u015fmas\u0131 esnek \u00e7\u00f6z\u00fcmlerin geli\u015ftirilmesine neden olmu\u015ftur. Esnek lojistik y\u00f6ntemlerinin geli\u015ftirilmesi a\u015famas\u0131nda, m\u00fc\u015fterilerin talep ve istekleri de g\u00f6z \u00f6n\u00fcnde bulundurulmu\u015ftur.<\/p><p>M\u00fc\u015fterilerin beklentilerinin en uygun \u015fekilde kar\u015f\u0131lanabilmesi i\u00e7in geli\u015ftirilen ta\u015f\u0131mac\u0131l\u0131k metotlar\u0131ndan biri de parsiyel ta\u015f\u0131mac\u0131l\u0131kt\u0131r. Parsiyel, kelime anlam\u0131 olarak t\u00fcm olmayan anlam\u0131na gelir. Parsiyel, kelime anlam\u0131 gere\u011fi bir nevi par\u00e7a anlam\u0131na gelmektedir. Geli\u015ftirilen esnek ve h\u0131zl\u0131 \u00e7\u00f6z\u00fcmlerle birlikte lojistik sekt\u00f6r\u00fcnde s\u0131kl\u0131kla kullan\u0131lan ve kar\u015f\u0131m\u0131za \u00e7\u0131kan bir kavram haline gelmi\u015ftir.\u00a0<strong>Parsiyel ta\u015f\u0131mac\u0131l\u0131k<\/strong>, en genel tan\u0131m\u0131yla bir ya da birden fazla al\u0131c\u0131 taraf\u0131ndan ve farkl\u0131 firmalardan sipari\u015f edilen \u00fcr\u00fcn ya da mallar\u0131n tek ve birle\u015ftirilmi\u015f y\u00fck halinde ta\u015f\u0131ma s\u00fcrecine verilen isimdir. Y\u00fck teslimat\u0131 genellikle denizyolu, havayolu, karayolu ve demiryolu arac\u0131l\u0131\u011f\u0131yla ger\u00e7ekle\u015ftirilmektedir. Parsiyel ta\u015f\u0131mac\u0131l\u0131kta, al\u0131c\u0131lar\u0131 farkl\u0131 olan mal ya da \u00fcr\u00fcnler ayn\u0131 ta\u015f\u0131ma arac\u0131 (konteyner, u\u00e7ak, t\u0131r, kamyon, kamyonet veya vagon) i\u00e7inde ta\u015f\u0131nabilmektedir.<\/p><p>Parsiyel ta\u015f\u0131mac\u0131l\u0131k, ayn\u0131 g\u00fczergahta yer alan birbirinden farkl\u0131 m\u00fc\u015fterilerin e\u015fya, \u00fcr\u00fcn ya da y\u00fcklerini, ayn\u0131 ta\u015f\u0131ma arac\u0131 ile ta\u015f\u0131ma lojisti\u011fine denir. Parsiyel ta\u015f\u0131mac\u0131l\u0131\u011f\u0131, ayr\u0131ca par\u00e7a e\u015fya ta\u015f\u0131mac\u0131l\u0131\u011f\u0131 olarak da bilinir. \u00d6rnek vermek gerekirse, karayolu parsiyel ta\u015f\u0131mac\u0131l\u0131\u011f\u0131, \u0130stanbul\u2019dan Ankara\u2019ya gidecek olan farkl\u0131 ki\u015filerin e\u015fyalar\u0131n\u0131n tek bir kamyon, t\u0131r ya da kamyonette ta\u015f\u0131nmas\u0131 durumudur. Parsiyel ta\u015f\u0131mac\u0131l\u0131ktaki en temel ama\u00e7; ayn\u0131 istikamet \u00fczerinde ta\u015f\u0131nmas\u0131 talep edilen b\u00fct\u00fcn y\u00fckleri, toplam y\u00fck miktar\u0131 bir ta\u015f\u0131ma arac\u0131n\u0131 doldurmasa bile, ayn\u0131 araca y\u00fcklenerek ta\u015f\u0131ma i\u015fleminin ger\u00e7ekle\u015ftirilmesidir. Herhangi bir ihtiya\u00e7 sahibi m\u00fc\u015fteri, arzu etti\u011fi herhangi bir b\u00f6lgeye, istedi\u011fi miktarda \u00fcr\u00fcn g\u00f6ndermek istedi\u011fi zaman, e\u011fer bu talebi bir ta\u015f\u0131ma arac\u0131n\u0131 (konteyner, u\u00e7ak, t\u0131r, kamyon, kamyonet veya vagon) doldurmayacak kapasitede bulunuyor ise m\u00fc\u015fterinin lojistik firmalar\u0131ndan talep edece\u011fi hizmet, parsiyel ta\u015f\u0131mac\u0131l\u0131k olarak tan\u0131mlan\u0131r.<\/p><h3><span id=\"Parsiyel_Tasima_Fiyatlari\" class=\"ez-toc-section\"><\/span><strong>Parsiyel Ta\u015f\u0131ma Fiyatlar\u0131<\/strong><\/h3><p>Parsiyel ta\u015f\u0131ma fiyatlar\u0131 lojistik hizmeti talep eden m\u00fc\u015fterinin istek ve ihtiya\u00e7lar\u0131na g\u00f6re de\u011fi\u015fkenlik g\u00f6stermektedir. Farkl\u0131 istek ve ihtiya\u00e7lara istinaden gelen talebin i\u00e7eri\u011fine g\u00f6re; m\u00fc\u015fterinin ta\u015f\u0131nmas\u0131n\u0131 istedi\u011fi \u00fcr\u00fcn\u00fcn teslim edilece\u011fi lokasyona, \u00fcr\u00fcn\u00fcn a\u011f\u0131rl\u0131\u011f\u0131na ve \u00fcr\u00fcn\u00fcn boyutuna g\u00f6re fiyatland\u0131rma uygulanabilmektedir. Bunlara ek olarak, parsiyel ta\u015f\u0131mada m\u00fc\u015fterinin g\u00f6nderilmesini istedi\u011fi \u00fcr\u00fcnlerin gidece\u011fi yerin mesafesi de fiyat belirlemek ad\u0131na olduk\u00e7a \u00f6nemli bir noktada yer almaktad\u0131r. Lojistik hizmeti sa\u011flayan firmalar,\u00a0<strong>yurti\u00e7i parsiyel ta\u015f\u0131mac\u0131l\u0131k\u00a0<\/strong>sayesinde tek bir ara\u00e7 (t\u0131r, kamyon, kamyonet ve di\u011fer karayolu ta\u015f\u0131ma ara\u00e7lar\u0131 ile) ile pek \u00e7ok m\u00fc\u015fteriden gelen birden fazla beklentiyi kar\u015f\u0131lar, buna ek olarak m\u00fc\u015fterilere kaliteli hizmet ve di\u011fer ta\u015f\u0131ma \u015fekillerine nazaran daha h\u0131zl\u0131 bir \u00e7\u00f6z\u00fcm sunar.<\/p><p>Parsiyel ta\u015f\u0131mac\u0131l\u0131k d\u00fcnyada oldu\u011fu gibi \u00fclkemizde de tercih edilmektedir. Parsiyel ta\u015f\u0131mac\u0131l\u0131\u011fa duyulan bu yo\u011fun talebin sebebi aras\u0131nda yer alan bir\u00e7ok fayda bulunsa da en temel neden ta\u015f\u0131ma \u00fccreti \u00fczerinde sa\u011flad\u0131\u011f\u0131 avantajd\u0131r. Az miktarda genel kargo \u00fcr\u00fcn\u00fc g\u00f6ndermek i\u00e7in m\u00fc\u015fterinin ta\u015f\u0131ma arac\u0131n\u0131n tamam\u0131n\u0131n navlun bedelini \u00f6demesi gerekmez. Lojistik maliyeti ta\u015f\u0131nan mallar\u0131n a\u011f\u0131rl\u0131\u011f\u0131 veya hacmi ile do\u011fru orant\u0131l\u0131 olarak hesaplan\u0131r. K\u00fc\u00e7\u00fck miktarda mallar\u0131n depolanmas\u0131 i\u00e7in gerekli alan d\u00fc\u015f\u00fck oldu\u011fu i\u00e7in depo maliyetlerin azalmas\u0131 da m\u00fc\u015fteri i\u00e7in olduk\u00e7a \u00f6nemli avantaj sa\u011flar.<\/p><p>Parsiyel ta\u015f\u0131mac\u0131l\u0131\u011f\u0131n m\u00fc\u015fteriler taraf\u0131ndan olduk\u00e7a s\u0131k bir \u015fekilde tercih edilmesinin bir di\u011fer sebebi ise m\u00fc\u015fterilere sa\u011flad\u0131\u011f\u0131 kolayl\u0131kt\u0131r. Parsiyel ta\u015f\u0131mac\u0131l\u0131k \u00e7\u00f6z\u00fcmleri tehlikeli maddelerin d\u0131\u015f\u0131ndaki y\u00fckler i\u00e7in son derece uygundur. Parsiyel ta\u015f\u0131mac\u0131l\u0131k hizmetinin s\u0131kl\u0131kla tercih edilmesinin ba\u015fka sebebi ise g\u00fcvenilirlik sa\u011flamas\u0131d\u0131r. Lojistik m\u00fc\u015fterileri, bu hizmeti se\u00e7erek kendi mal ya da \u00fcr\u00fcnlerinin son derece g\u00fcvenli ve sa\u011flam bir bi\u00e7imde \u00f6nceden belirtilen adrese teslim edilece\u011finden emin olabilir. Parsiyel hizmeti, s\u0131n\u0131rl\u0131 say\u0131da yurt d\u0131\u015f\u0131ndan mal ya da \u00fcr\u00fcn sat\u0131n alan ki\u015filer ya da k\u00fc\u00e7\u00fck \u00f6l\u00e7ekli \u015firketler i\u00e7in de son derece uygun bir \u00e7\u00f6z\u00fcmd\u00fcr. Bazen bu hizmet, yabanc\u0131 online ma\u011fazalardan ya da e-ticaret sitelerinden olduk\u00e7a b\u00fcy\u00fck miktarlar halinde mal ya da \u00fcr\u00fcn sat\u0131n alan ve baz\u0131 nedenlerden dolay\u0131 ekspres teslimat\u0131 kullanmak istemeyen perakende m\u00fc\u015fteriler taraf\u0131ndan da s\u0131kl\u0131kla tercih edilen bir ta\u015f\u0131ma \u015feklidir.<\/p><h3><span id=\"Parsiyel_Tasimacilik_Nasil_Yapilir\" class=\"ez-toc-section\"><\/span><strong>Parsiyel Ta\u015f\u0131mac\u0131l\u0131k Nas\u0131l Yap\u0131l\u0131r?<\/strong><\/h3><p>Parsiyel ta\u015f\u0131mac\u0131l\u0131kta sevkiyat t\u00fcr\u00fc yurt d\u0131\u015f\u0131 ya da yurt i\u00e7i olmak \u00fczere iki farkl\u0131 kategoriye ayr\u0131lmaktad\u0131r. E\u011fer T\u00fcrkiye i\u00e7inde sevkiyat yap\u0131lacaksa, bu durum \u015fehirleraras\u0131 parsiyel ta\u015f\u0131mac\u0131l\u0131k hizmeti \u015feklinde ifade edilir. T\u00fcrkiye\u2019den gidecek parsiyel y\u00fcklemeler ya da bir ba\u015fka \u00fclkeden T\u00fcrkiye\u2019ye gelecek parsiyel y\u00fcklemeler ise\u00a0<strong>uluslararas\u0131 parsiyel ta\u015f\u0131mac\u0131l\u0131k<\/strong>\u00a0\u015feklinde ifade edilir.\u00a0<strong>Parsiyel ta\u015f\u0131mac\u0131l\u0131k<\/strong>, rezervasyon, planlama, depolama ve sevkiyat olmak \u00fczere d\u00f6rt farkl\u0131 ad\u0131mda uygulan\u0131r. Parsiyel ta\u015f\u0131mac\u0131l\u0131klarda belli \u00f6l\u00e7\u00fctler kullan\u0131l\u0131r. Bu \u00f6l\u00e7\u00fctler, metrek\u00fcp bazl\u0131, a\u011f\u0131rl\u0131k bazl\u0131, ya da desi bazl\u0131 olarak say\u0131labilir. Parsiyel ta\u015f\u0131mac\u0131l\u0131kta ta\u015f\u0131nmas\u0131 planlanan y\u00fck\u00fcn a\u011f\u0131rl\u0131\u011f\u0131 ile birlikte hacmi de son derece \u00f6nemlidir. Karayolu ta\u015f\u0131mac\u0131l\u0131\u011f\u0131 i\u00e7inde yer alan parsiyel ta\u015f\u0131mac\u0131l\u0131kta kullan\u0131lan baz\u0131 hesap \u00f6l\u00e7\u00fctleri bulunmaktad\u0131r. Bu hesap \u00f6l\u00e7\u00fctlerini lademetre, metrek\u00fcp ve a\u011f\u0131rl\u0131k hesap \u00f6l\u00e7\u00fctleri \u015feklinde s\u0131ralamak m\u00fcmk\u00fcnd\u00fcr. Parsiyel y\u00fck\u00fcn m3 \u015feklinden hesaplanmas\u0131 da son derece \u00f6nemlidir. \u0130lk olarak ta\u015f\u0131nmas\u0131 planlanan \u00fcr\u00fcn ya da mallar\u0131n eni, boyu, y\u00fcksekli\u011fi ve adeti \u00e7arp\u0131l\u0131r. Bu \u015fekilde parsiyel y\u00fck\u00fcn m3 \u015feklinden de\u011feri ortaya \u00e7\u0131kar.\u00a0<\/p><h3><span id=\"Parsiyel_Tasimacilik_Turleri_Nelerdir\" class=\"ez-toc-section\"><\/span><strong>Parsiyel Ta\u015f\u0131mac\u0131l\u0131k T\u00fcrleri Nelerdir ?<\/strong><\/h3><p>Parsiyel ta\u015f\u0131mac\u0131l\u0131k d\u00f6rt farkl\u0131 gruba ayr\u0131l\u0131r. Bu t\u00fcrler, karayolu, havayolu, denizyolu ve demiryolu \u015feklindedir. En yayg\u0131n olarak kullan\u0131lan parsiyel lojistik \u00e7\u00f6z\u00fcmlerinden biri karayolu parsiyel ta\u015f\u0131mac\u0131l\u0131kt\u0131r. Bu y\u00f6ntem ile kara ara\u00e7lar\u0131 kullan\u0131larak rut planlamas\u0131na uygun \u015fekilde da\u011f\u0131t\u0131m yap\u0131lmas\u0131 sa\u011flan\u0131r. \u00dcr\u00fcn ya da mallar\u0131n ara\u00e7lara y\u00fckleme i\u015flemi kap\u0131da ya da depodan ger\u00e7ekle\u015fir.\u00a0<strong>Havayolu parsiyel ta\u015f\u0131mac\u0131l\u0131\u011f\u0131nda<\/strong>\u00a0da \u00e7e\u015fitli \u00fcr\u00fcnlerin ta\u015f\u0131malar\u0131 g\u00fcvenle yap\u0131l\u0131r. \u00dcr\u00fcn ya da mallar\u0131n y\u00fckleme i\u015flemi hava alan\u0131nda yap\u0131lmaktad\u0131r. Di\u011fer t\u00fcm uluslararas\u0131 ta\u015f\u0131malarda oldu\u011fu gibi yurt d\u0131\u015f\u0131na ta\u015f\u0131nacak \u00fcr\u00fcnlerin g\u00fcmr\u00fck mevzuat\u0131na uygun olmas\u0131 gerekir.<\/p><p><strong>Denizyolu parsiyel ta\u015f\u0131mac\u0131l\u0131k<\/strong>\u00a0\u00e7\u00f6z\u00fcmleri de konteyner ve a\u00e7\u0131k y\u00fck olarak ta\u015f\u0131ma se\u00e7eneklerini sunar. T\u00fcrkiye\u2019de\u00a0<strong>denizyolu parsiyel ta\u015f\u0131mac\u0131l\u0131k<\/strong>\u00a0hizmeti i\u00e7in y\u00fckler limanlardan g\u00fcmr\u00fckl\u00fc olarak ta\u015f\u0131man\u0131n yap\u0131laca\u011f\u0131 gemilere y\u00fcklenirler. Demiryolu, \u00e7ok fazla tercih edilen bir y\u00f6ntem olmasa da kullan\u0131labilecek alternatiflerden biridir.\u00a0<strong>Avrupa parsiyel ta\u015f\u0131mac\u0131l\u0131k\u00a0<\/strong>talepleri ba\u015fta olmak \u00fczere t\u00fcm parsiyel ta\u015f\u0131ma talepleriniz i\u00e7in \u00d6ZNAK GROUP, alan\u0131nda uzman operasyon ekibi ile s\u00fcrecin en do\u011fru \u015fekilde ilerlemesine yard\u0131mc\u0131 olur. <strong>Parsiyel ta\u015f\u0131mac\u0131l\u0131k fiyatlar\u0131<\/strong> i\u00e7in hemen teklif alabilir, \u00d6ZNAK GROUP g\u00fcvencesi alt\u0131nda lojistik i\u015flemlerinizi kolayca yapabilirsiniz.<\/p>\t\t\t\t\t\t<\/div>\n\t\t\t\t<\/div>\n\t\t\t\t\t<\/div>\n\t\t<\/div>\n\t\t\t\t\t\t\t<\/div>\n\t\t<\/section>\n\t\t\t\t\t\t\t<\/div>\n\t\t","protected":false},"excerpt":{"rendered":"<p>Parsiyel Ta\u015f\u0131mac\u0131l\u0131k Nedir? Lojistik sekt\u00f6r\u00fcn\u00fcn ya\u015fad\u0131\u011f\u0131 h\u0131zl\u0131 de\u011fi\u015fim ve ihtiya\u00e7 sahiplerinin talep, istek ve beklentilerinin farkl\u0131la\u015fmas\u0131 esnek \u00e7\u00f6z\u00fcmlerin geli\u015ftirilmesine neden olmu\u015ftur. Esnek lojistik y\u00f6ntemlerinin geli\u015ftirilmesi a\u015famas\u0131nda, m\u00fc\u015fterilerin talep ve istekleri de g\u00f6z \u00f6n\u00fcnde bulundurulmu\u015ftur. M\u00fc\u015fterilerin beklentilerinin en uygun \u015fekilde kar\u015f\u0131lanabilmesi i\u00e7in geli\u015ftirilen ta\u015f\u0131mac\u0131l\u0131k metotlar\u0131ndan biri de parsiyel ta\u015f\u0131mac\u0131l\u0131kt\u0131r. Parsiyel, kelime anlam\u0131 olarak t\u00fcm olmayan anlam\u0131na [&hellip;]<\/p>\n","protected":false},"author":1,"featured_media":0,"parent":0,"menu_order":0,"comment_status":"closed","ping_status":"closed","template":"","meta":[],"_links":{"self":[{"href":"https:\/\/oznakgroup.com.tr\/index.php\/wp-json\/wp\/v2\/pages\/153"}],"collection":[{"href":"https:\/\/oznakgroup.com.tr\/index.php\/wp-json\/wp\/v2\/pages"}],"about":[{"href":"https:\/\/oznakgroup.com.tr\/index.php\/wp-json\/wp\/v2\/types\/page"}],"author":[{"embeddable":true,"href":"https:\/\/oznakgroup.com.tr\/index.php\/wp-json\/wp\/v2\/users\/1"}],"replies":[{"embeddable":true,"href":"https:\/\/oznakgroup.com.tr\/index.php\/wp-json\/wp\/v2\/comments?post=153"}],"version-history":[{"count":0,"href":"https:\/\/oznakgroup.com.tr\/index.php\/wp-json\/wp\/v2\/pages\/153\/revisions"}],"wp:attachment":[{"href":"https:\/\/oznakgroup.com.tr\/index.php\/wp-json\/wp\/v2\/media?parent=153"}],"curies":[{"name":"wp","href":"https:\/\/api.w.org\/{rel}","templated":true}]}}