{"id":1004,"date":"2022-12-24T13:23:29","date_gmt":"2022-12-24T13:23:29","guid":{"rendered":"https:\/\/oznakgroup.com.tr\/?page_id=1004"},"modified":"2022-12-24T13:33:51","modified_gmt":"2022-12-24T13:33:51","slug":"kirgizistan","status":"publish","type":"page","link":"https:\/\/oznakgroup.com.tr\/index.php\/kirgizistan\/","title":{"rendered":"K\u0131rg\u0131zistan"},"content":{"rendered":"\t\t<div data-elementor-type=\"wp-page\" data-elementor-id=\"1004\" class=\"elementor elementor-1004\">\n\t\t\t\t\t\t\t\t\t<section class=\"elementor-section elementor-top-section elementor-element elementor-element-2bbbb2a elementor-section-boxed elementor-section-height-default elementor-section-height-default tf-sticky-section tf-sticky-no\" data-id=\"2bbbb2a\" data-element_type=\"section\" data-settings=\"{&quot;tf_sticky&quot;:&quot;no&quot;}\">\n\t\t\t\t\t\t<div class=\"elementor-container elementor-column-gap-default\">\n\t\t\t\t\t<div class=\"elementor-column elementor-col-100 elementor-top-column elementor-element elementor-element-2627316\" data-id=\"2627316\" data-element_type=\"column\">\n\t\t\t<div class=\"elementor-widget-wrap elementor-element-populated\">\n\t\t\t\t\t\t\t\t<div class=\"elementor-element elementor-element-081b17c elementor-widget elementor-widget-text-editor\" data-id=\"081b17c\" data-element_type=\"widget\" data-widget_type=\"text-editor.default\">\n\t\t\t\t<div class=\"elementor-widget-container\">\n\t\t\t<style>\/*! elementor - v3.13.3 - 22-05-2023 *\/\n.elementor-widget-text-editor.elementor-drop-cap-view-stacked .elementor-drop-cap{background-color:#69727d;color:#fff}.elementor-widget-text-editor.elementor-drop-cap-view-framed .elementor-drop-cap{color:#69727d;border:3px solid;background-color:transparent}.elementor-widget-text-editor:not(.elementor-drop-cap-view-default) .elementor-drop-cap{margin-top:8px}.elementor-widget-text-editor:not(.elementor-drop-cap-view-default) .elementor-drop-cap-letter{width:1em;height:1em}.elementor-widget-text-editor .elementor-drop-cap{float:left;text-align:center;line-height:1;font-size:50px}.elementor-widget-text-editor .elementor-drop-cap-letter{display:inline-block}<\/style>\t\t\t\t\t\t\t\t\t\t<\/div>\n\t\t\t\t<\/div>\n\t\t\t\t\t<\/div>\n\t\t<\/div>\n\t\t\t\t\t\t\t<\/div>\n\t\t<\/section>\n\t\t\t\t<section class=\"elementor-section elementor-top-section elementor-element elementor-element-161ac5b elementor-section-boxed elementor-section-height-default elementor-section-height-default tf-sticky-section tf-sticky-no\" data-id=\"161ac5b\" data-element_type=\"section\" data-settings=\"{&quot;tf_sticky&quot;:&quot;no&quot;}\">\n\t\t\t\t\t\t<div class=\"elementor-container elementor-column-gap-default\">\n\t\t\t\t\t<div class=\"elementor-column elementor-col-100 elementor-top-column elementor-element elementor-element-6650119\" data-id=\"6650119\" data-element_type=\"column\">\n\t\t\t<div class=\"elementor-widget-wrap elementor-element-populated\">\n\t\t\t\t\t\t\t\t<div class=\"elementor-element elementor-element-3f93331 elementor-widget elementor-widget-text-editor\" data-id=\"3f93331\" data-element_type=\"widget\" data-widget_type=\"text-editor.default\">\n\t\t\t\t<div class=\"elementor-widget-container\">\n\t\t\t\t\t\t\t<h3 class=\"\">K\u0131rg\u0131zistan Nakliye Hizmetlerimiz<\/h3><p class=\"\">K\u0131rg\u0131zistan Nakliye hizmetleri sekt\u00f6r\u00fcnde g\u00fcvenin adresi konumuna gelen \u015eah Lojistik, K\u0131rg\u0131zistan nakliye hizmetlerinde de yer al\u0131yor. Y<a href=\"https:\/\/www.sahlojistik.com\/\" data-type=\"URL\" data-id=\"https:\/\/www.sahlojistik.com\/\">\u0131<\/a>llard\u0131r sekt\u00f6rde edindi\u011fimiz bilgi ve tecr\u00fcbelerimiz ile, m\u00fc\u015fteri memnuniyeti odakl\u0131 \u00e7al\u0131\u015fmalar\u0131m\u0131z\u0131 s\u00fcrd\u00fcrmeye devam ediyoruz. En kaliteli hizmeti m\u00fc\u015fterilerimize sunmak i\u00e7in \u00e7al\u0131\u015f\u0131yoruz. K\u0131rg\u0131zistan\u2019 a g\u00f6ndermek istedi\u011finiz y\u00fckleriniz, teslimat s\u00fcrecine kadar ger\u00e7ekle\u015ftirilen her i\u015flemler hassas bir \u015fekilde sorunsuz olarak sonu\u00e7land<a href=\"http:\/\/sahlojistik.com\/\" target=\"_blank\" rel=\"noopener\" data-type=\"URL\" data-id=\"sahlojistik.com\">\u0131<\/a>r\u0131l\u0131r.<\/p><h3 class=\"\"><span id=\"turkiye-kirgizistan_tasimacilik\" class=\"ez-toc-section\"><\/span>T\u00fcrkiye-K\u0131rg\u0131zistan Ta\u015f\u0131mac\u0131l\u0131k<\/h3><p class=\"\">T\u00fcrkiye\u2019 nin ticaret faaliyetlerini s\u00fcrd\u00fcrd\u00fc\u011f\u00fc \u00fclkelerden biri de K\u0131rg\u0131zistan. \u015eah Lojistik olarak firmam\u0131z her t\u00fcrl\u00fc ticari faaliyetlerde yer almaktad\u0131r. Her t\u00fcrl\u00fc ithalat ve ihracat faaliyetlerde, firmam\u0131z m\u00fc\u015fterilere en iyi hizmeti sa\u011flamak i\u00e7in \u00e7al\u0131\u015f\u0131yor. Ayn\u0131 zamanda K\u0131rg\u0131zistan, en \u00e7ok ticari faaliyetlerin s\u00fcrd\u00fcr\u00fcld\u00fc\u011f\u00fc \u00fclkelerden bir tanesidir. Kuru ve so\u011fuk g\u0131da nakliyat\u0131, ticari mallar\u0131n nakliyat\u0131 ve di\u011fer \u00fcr\u00fcnlerin nakliyat i\u015flemleri K\u0131rg\u0131zistan \u00fclkesine ger\u00e7ekle\u015ftirilir. \u015eah Lojistik olarak, y\u0131llard\u0131r bu alanda hizmetlerimizi s\u00fcrd\u00fcrmeye devam ediyoruz.<\/p><p class=\"\">T\u00fcrkiye\u2019 de istenilen noktadan al\u0131nan y\u00fckleriniz, taahh\u00fct edilen tarihte ve saatte ara\u00e7lar\u0131m\u0131z Kazakistan\u2019 a ula\u015ft\u0131r\u0131lmaktad\u0131r. Ayn\u0131 zamanda y\u00fckleme i\u015fleri yap\u0131l\u0131rken, g\u00fcmr\u00fckleme i\u015flemleri de yap\u0131larak zamandan tasarruf sa\u011flan\u0131yor. Bu konuda firmam\u0131z, profesyonel ekibi ile son derece bilgili bir \u015fekilde t\u00fcm i\u015fleri y\u00fcr\u00fctmektedir. Gerekli izin belgeleri haz\u0131rlanarak, teslim noktas\u0131ndan al\u0131nan y\u00fckleriniz g\u00fcmr\u00fck kap\u0131s\u0131na do\u011fru hareket eder. Belirlenen g\u00fczergah \u00fczerinden Kazakistan\u2019 a ula\u015ft\u0131r\u0131l\u0131r.<\/p><h3 class=\"\">K\u0131rg\u0131zistan\u2018a Verdi\u011fimiz Nakliye Hizmetlerimiz<\/h3><p class=\"\">\u015eah Lojistik firmas\u0131 olarak, lojik sekt\u00f6r\u00fcn\u00fcn her alan\u0131nda yer alarak m\u00fc\u015fteri ihtiya\u00e7lar\u0131na en iyi \u015fekilde kar\u015f\u0131l\u0131k vermek i\u00e7in \u00e7al\u0131\u015fmalar\u0131m\u0131z\u0131 s\u00fcrd\u00fcr\u00fcyoruz. Faaliyet g\u00f6sterdi\u011fimiz ta\u015f\u0131mac\u0131l\u0131k hizmetleri ise;<\/p><p class=\"\">\u2013 Parsiyel ta\u015f\u0131mac\u0131l\u0131k,<\/p><p class=\"\">\u2013 Frigo ta\u015f\u0131mac\u0131l\u0131k,<\/p><p class=\"\">\u2013 Kuru y\u00fck ta\u015f\u0131mac\u0131l\u0131\u011f\u0131,<\/p><p class=\"\">\u2013 A\u011f\u0131r y\u00fck ta\u015f\u0131mac\u0131l\u0131\u011f\u0131,<\/p><p class=\"\">\u2013 Komple y\u00fck ta\u015f\u0131mac\u0131l\u0131\u011f\u0131.<\/p><p class=\"\">\u015eah Lojistik olarak firmam\u0131z, her t\u00fcrl\u00fc lojistik faaliyetlerini kaliteli bir \u015fekilde s\u00fcrd\u00fcrmeyi hedefliyor. Amac\u0131m\u0131z m\u00fc\u015fteri beklentilerini belirleyerek, en iyi \u015fekilde istek ve ihtiya\u00e7lar\u0131na kar\u015f\u0131l\u0131k vermektir. Ayn\u0131 zamanda depolama hizmeti de sunmaktay\u0131z. Lojistik sekt\u00f6r\u00fcnde deneyimli uzman kadromuz ile tam zaman\u0131nda teslimat i\u015flemlerini ger\u00e7ekle\u015ftiriyoruz. Bu sekt\u00f6rde \u00f6nc\u00fc firmalar aras\u0131na girmeyi ba\u015faran \u015eah Lojistik, uygun fiyat politikas\u0131 ile de m\u00fc\u015fterileri memnun etmeyi ba\u015farm\u0131\u015ft\u0131r.<\/p><h3 class=\"\"><span id=\"parsiyel_tasimacilik\" class=\"ez-toc-section\"><\/span>Parsiyel Ta\u015f\u0131mac\u0131l\u0131k<\/h3><p class=\"\">\u015eah Lojistik olarak parsiyel ta\u015f\u0131mac\u0131l\u0131k faaliyetlerinde de m\u00fc\u015fterilerimizin yan\u0131nday\u0131z. Uluslararas\u0131 lojistik sekt\u00f6r\u00fcnde, parsiyel ta\u015f\u0131mac\u0131l\u0131k alan\u0131nda \u00f6nc\u00fc firmalar aras\u0131nda yer al\u0131yoruz. Her ge\u00e7en zaman m\u00fc\u015fteri potansiyelini artt\u0131rarak, faaliyetlerimizi kesintisiz olarak s\u00fcrd\u00fcrmeye devam ediyoruz. Ayr\u0131cal\u0131kl\u0131 fiyat politikam\u0131z ile en iyi parsiyel nakliye \u00e7\u00f6z\u00fcmlerini sunuyoruz .Lojistik faaliyetleri aras\u0131nda yer alan parsiyel nakliye hizmetlerinde, \u00f6zellikle K\u0131rg\u0131zistan son zamanlarda daha fazla talep ya\u015fanan hizmetler aras\u0131nda yer al\u0131yor.<\/p><p class=\"\">Parsiyel nakliye hizmetleri di\u011fer ta\u015f\u0131mac\u0131l\u0131k hizmetlerine g\u00f6re daha hassas olunmas\u0131 gereken nakliye hizmetidir. \u015eah Lojistik olarak ,uzun y\u0131llar edindi\u011fimiz bilgi ve tecr\u00fcbe ile m\u00fc\u015fterilerin parsiyel nakliye ihtiya\u00e7lar\u0131na en iyi \u015fekilde kar\u015f\u0131lamay\u0131 hedefliyoruz. Parsiyel y\u00fcklerinizin h\u0131zl\u0131 ve g\u00fcvenli bir \u015fekilde K\u0131rg\u0131zistan\u2019 a ula\u015ft\u0131r\u0131lmas\u0131n\u0131 sa\u011fl\u0131yoruz. M\u00fc\u015fteri beklentilerinin daha \u00fcst\u00fcnde bir hizmet anlay\u0131\u015f\u0131 ile \u00e7al\u0131\u015f\u0131yoruz.<\/p><p class=\"\">Lojistik sekt\u00f6r\u00fcnde en \u00e7ok talep edilen ta\u015f\u0131mac\u0131l\u0131k hizmetlerinden biri de parsiyel ta\u015f\u0131mac\u0131l\u0131kt\u0131r. Parsiyel ta\u015f\u0131mac\u0131l\u0131k, ayn\u0131 g\u00fczergah \u00fczerinde yer alan b\u00f6lgelere gidecek olan par\u00e7a y\u00fcklerin tek bir ara\u00e7 ile teslimat\u0131n\u0131n yap\u0131lmas\u0131d\u0131r. Parsiyel ta\u015f\u0131mac\u0131l\u0131k hizmetinde maddi y\u00f6nden de tasarruf sa\u011flanmaktad\u0131r. Di\u011fer ta\u015f\u0131mac\u0131l\u0131k hizmetlerine oranla daha \u00f6nemli olan ta\u015f\u0131mac\u0131l\u0131k hizmetlerindendir .<\/p><p class=\"\">Bu parsiyel ta\u015f\u0131mac\u0131l\u0131k hizmetini, \u015eah Lojistik olarak hassas bir \u015fekilde ger\u00e7ekle\u015ftirmekteyiz. M\u00fc\u015fteri memnuniyetini \u00f6n planda tutmaktay\u0131z. Zaman\u0131nda teslimat i\u015flemlerinin ger\u00e7ekle\u015ftirilmesi ve y\u00fcklerin g\u00fcvenli bir \u015fekilde ula\u015ft\u0131r\u0131lmas\u0131 olduk\u00e7a \u00f6nem arz ediyor. Bu konuda hassas bir \u015fekilde \u00fczerinde durmaktay\u0131z. Parsiyel ta\u015f\u0131mac\u0131l\u0131kta y\u00fckleriniz emin ellerde.<\/p><h3 class=\"\">T\u00fcrkiye-K\u0131rg\u0131zistan Nakliye Fiyatlar\u0131<\/h3><p class=\"\">\u015eah Lojistik olarak K\u0131rg\u0131zistan nakliye hizmetlerimize ara vermeden devam ediyoruz. M\u00fc\u015fterilerimizin nakliye \u00e7\u00f6z\u00fcmlerine en uygun fiyat\u0131 sunmak i\u00e7in \u00e7al\u0131\u015f\u0131yoruz. M\u00fc\u015fterilerin K\u0131rg\u0131zistan\u2019 a g\u00f6ndermek istedikleri y\u00fcklerin a\u011f\u0131rl\u0131\u011f\u0131na, boyutlar\u0131na ve teslimat noktas\u0131na g\u00f6re uzman ekibimiz belirlenen fiyatlar\u0131 m\u00fc\u015fterilerimize sunuyoruz.<\/p><p class=\"\">Her zaman en iyi fiyat\u0131 sunarak m\u00fc\u015fteri memnuniyetini \u00f6n planda tutuyoruz. K\u0131rg\u0131zistan\u2019 a g\u00f6nderilmek istenen y\u00fcklerin \u00f6zelli\u011fine g\u00f6re fiyatlar de\u011fi\u015fkenlik g\u00f6sterilmektedir. Bu alanda deneyimli olan ekibimiz sizden al\u0131nan bilgiler do\u011frultusunda fiyat belirlemektedir. Y\u00fcklerin teslim al\u0131naca\u011f\u0131 nokta ve K\u0131rg\u0131zistan\u2019 da al\u0131c\u0131ya teslim edilece\u011fi noktaya g\u00f6re fiyat de\u011fi\u015fiklikleri olmaktad\u0131r. Daha detayl\u0131 bilgi i\u00e7in, firmam\u0131z\u0131n \u00e7a\u011fr\u0131 merkezi numaras\u0131n\u0131 arayabilirsiniz.<\/p><p class=\"\">\u015eah Lojistik olarak m\u00fc\u015fteri memnuniyetini ilke edinmi\u015f bir firmay\u0131z. Her t\u00fcrl\u00fc nakliye \u00e7\u00f6z\u00fcmlerinde m\u00fc\u015fterilerin yan\u0131nda olmay\u0131 ama\u00e7l\u0131yoruz. Uluslararas\u0131 lojistik sekt\u00f6r\u00fcnde \u00f6nc\u00fc firmalar aras\u0131nda yer al\u0131yoruz. G\u00fcvenli ve h\u0131zl\u0131 teslimat i\u00e7in, hizmetlerimizi ara vermeden s\u00fcrd\u00fcr\u00fcyoruz. Ta\u015f\u0131mac\u0131l\u0131k faaliyetleri esnas\u0131nda her t\u00fcrl\u00fc g\u00fcvenlik \u00f6nlemlerini al\u0131yoruz. Nakliye hizmeti i\u00e7in gerekli olan her t\u00fcrl\u00fc i\u015flemler firmam\u0131z taraf\u0131ndan yerine getirilmektedir. G\u00fcmr\u00fck i\u015flemleri profesyonel ekibimiz taraf\u0131ndan ger\u00e7ekle\u015ftirilmektedir.<\/p><p class=\"\">Gerekli izin belgeleri al\u0131narak y\u00fckleriniz ta\u015f\u0131maya haz\u0131r hale getirilmekte ve teslimat noktas\u0131na do\u011fru yola \u00e7\u0131kmaktad\u0131r. \u00dcr\u00fcnleriniz hasar almadan, bozulmadan al\u0131c\u0131ya ula\u015ft\u0131r\u0131lmaktad\u0131r. Ayn\u0131 zamanda t\u00fcm K\u0131rg\u0131zistan nakliye hizmetlerimiz sigortal\u0131 bir \u015fekilde ger\u00e7ekle\u015ftirilmektedir. Bu konuda da m\u00fc\u015fterilerimize g\u00fcvenli bir hizmet sa\u011fl\u0131yoruz. Bizden hizmet alan m\u00fc\u015fterilerimizle do\u011fru bir \u015fekilde ileti\u015fim kurarak, nakliye s\u00fcre\u00e7leri esnas\u0131nda her konuda bilgi aktar\u0131m\u0131 sa\u011flanmaktad\u0131r. M\u00fc\u015fteriler talep etmeleri halinde y\u00fcklerinin nerede olduklar\u0131na dair de bilgi sahibi olabilmektedir. Planl\u0131 bir \u015fekilde \u00e7al\u0131\u015fmalar\u0131m\u0131z\u0131 s\u00fcrd\u00fcrmekteyiz. Gerekli nakliye hizmeti i\u00e7in s\u00f6zle\u015fme yap\u0131larak daha kaliteli bir hizmet sunmay\u0131 ama\u00e7l\u0131yoruz.<\/p><h3 class=\"\"><span id=\"tacikistan_tir_yol_guzergahi\" class=\"ez-toc-section\"><\/span>Tacikistan T\u0131r Yol G\u00fczergah\u0131<\/h3><p class=\"\">Uluslararas\u0131 nakliye sekt\u00f6r\u00fcnde hizmet vermeye devam eden firmam\u0131z, ta\u015f\u0131nacak olan y\u00fcklerin yol g\u00fczergahlar\u0131 hakk\u0131nda gerekli bilgi ve tecr\u00fcbe sahip olan bir firmad\u0131r. Daha h\u0131zl\u0131 bir \u015fekilde al\u0131c\u0131ya ula\u015ft\u0131r\u0131lmas\u0131 i\u00e7in belirlenen g\u00fczergahlar\u0131 kullanmaktad\u0131r. Yol ko\u015fullar\u0131na hakim olan deneyimli s\u00fcr\u00fcc\u00fc kadromuz ile g\u00fcvenli bir \u015fekilde K\u0131rg\u0131zistan\u2019 a y\u00fckleriniz ula\u015ft\u0131r\u0131lmaktad\u0131r. Mevcut hava ko\u015fullar\u0131, y\u00fckleme i\u015flemleri, g\u00fcmr\u00fck i\u015flemleri ve \u00e7e\u015fitli fakt\u00f6rler g\u00f6z \u00f6n\u00fcnde bulundurularak zaman\u0131nda teslimat i\u00e7in gerekli \u00e7al\u0131\u015fmalar yap\u0131lmaktad\u0131r. K\u0131rg\u0131zistan nakliye s\u00fcreleri konusunda, taahh\u00fct etti\u011fimiz s\u00fcrede y\u00fckleriniz var\u0131\u015f noktalar\u0131na ula\u015ft\u0131r\u0131lmaktad\u0131r.<\/p>\t\t\t\t\t\t<\/div>\n\t\t\t\t<\/div>\n\t\t\t\t\t<\/div>\n\t\t<\/div>\n\t\t\t\t\t\t\t<\/div>\n\t\t<\/section>\n\t\t\t\t\t\t\t<\/div>\n\t\t","protected":false},"excerpt":{"rendered":"<p>K\u0131rg\u0131zistan Nakliye Hizmetlerimiz K\u0131rg\u0131zistan Nakliye hizmetleri sekt\u00f6r\u00fcnde g\u00fcvenin adresi konumuna gelen \u015eah Lojistik, K\u0131rg\u0131zistan nakliye hizmetlerinde de yer al\u0131yor. Y\u0131llard\u0131r sekt\u00f6rde edindi\u011fimiz bilgi ve tecr\u00fcbelerimiz ile, m\u00fc\u015fteri memnuniyeti odakl\u0131 \u00e7al\u0131\u015fmalar\u0131m\u0131z\u0131 s\u00fcrd\u00fcrmeye devam ediyoruz. En kaliteli hizmeti m\u00fc\u015fterilerimize sunmak i\u00e7in \u00e7al\u0131\u015f\u0131yoruz. K\u0131rg\u0131zistan\u2019 a g\u00f6ndermek istedi\u011finiz y\u00fckleriniz, teslimat s\u00fcrecine kadar ger\u00e7ekle\u015ftirilen her i\u015flemler hassas bir \u015fekilde sorunsuz [&hellip;]<\/p>\n","protected":false},"author":1,"featured_media":0,"parent":0,"menu_order":0,"comment_status":"closed","ping_status":"closed","template":"","meta":[],"_links":{"self":[{"href":"https:\/\/oznakgroup.com.tr\/index.php\/wp-json\/wp\/v2\/pages\/1004"}],"collection":[{"href":"https:\/\/oznakgroup.com.tr\/index.php\/wp-json\/wp\/v2\/pages"}],"about":[{"href":"https:\/\/oznakgroup.com.tr\/index.php\/wp-json\/wp\/v2\/types\/page"}],"author":[{"embeddable":true,"href":"https:\/\/oznakgroup.com.tr\/index.php\/wp-json\/wp\/v2\/users\/1"}],"replies":[{"embeddable":true,"href":"https:\/\/oznakgroup.com.tr\/index.php\/wp-json\/wp\/v2\/comments?post=1004"}],"version-history":[{"count":0,"href":"https:\/\/oznakgroup.com.tr\/index.php\/wp-json\/wp\/v2\/pages\/1004\/revisions"}],"wp:attachment":[{"href":"https:\/\/oznakgroup.com.tr\/index.php\/wp-json\/wp\/v2\/media?parent=1004"}],"curies":[{"name":"wp","href":"https:\/\/api.w.org\/{rel}","templated":true}]}}